{"id":77,"date":"2016-03-02T12:30:24","date_gmt":"2016-03-02T11:30:24","guid":{"rendered":"http:\/\/cpcascante.educacion.navarra.es\/web1\/boletin-informativo-familias\/"},"modified":"2020-12-10T09:49:38","modified_gmt":"2020-12-10T08:49:38","slug":"boletin-informativo-familias","status":"publish","type":"page","link":"https:\/\/cpcascante.educacion.navarra.es\/web1\/documentacion-y-planes\/boletin-informativo-familias\/","title":{"rendered":"Bolet\u00edn Informativo Familias"},"content":{"rendered":"<p><span style=\"font-size: 14pt; font-family: tahoma,arial,helvetica,sans-serif;\">Aqu\u00ed pod\u00e9is descargar el Bolet\u00edn informativo para las familias. En \u00e9l aparecen datos del centro, profesorado, normas del centro&#8230;..<\/span><\/p>\n<p><span style=\"font-size: 14pt; font-family: tahoma,arial,helvetica,sans-serif;\">Para descargarlos ten\u00e9is que pinchar en el enlace siguiente\u00a0<a href=\"https:\/\/docs.google.com\/document\/d\/19YIfuiuyrgQ1UVUPAU_sDhTR7URoqeXZBHBNRG6YR-Q\/edit\" target=\"_blank\" rel=\"noopener noreferrer\">bolet\u00edn-familias<\/a>.<\/span><\/p>\n<p>&nbsp;<\/p>\n","protected":false},"excerpt":{"rendered":"<p>Aqu\u00ed pod\u00e9is descargar el Bolet\u00edn informativo para las familias. En \u00e9l aparecen datos del centro, profesorado, normas del centro&#8230;.. Para descargarlos ten\u00e9is que pinchar en el enlace siguiente\u00a0bolet\u00edn-familias. &nbsp;<\/p>\n","protected":false},"author":1,"featured_media":0,"parent":711,"menu_order":2,"comment_status":"closed","ping_status":"closed","template":"","meta":{"_genesis_hide_title":false,"_genesis_hide_breadcrumbs":false,"_genesis_hide_singular_image":false,"_genesis_hide_footer_widgets":false,"_genesis_custom_body_class":"","_genesis_custom_post_class":"","_genesis_layout":""},"_links":{"self":[{"href":"https:\/\/cpcascante.educacion.navarra.es\/web1\/wp-json\/wp\/v2\/pages\/77"}],"collection":[{"href":"https:\/\/cpcascante.educacion.navarra.es\/web1\/wp-json\/wp\/v2\/pages"}],"about":[{"href":"https:\/\/cpcascante.educacion.navarra.es\/web1\/wp-json\/wp\/v2\/types\/page"}],"author":[{"embeddable":true,"href":"https:\/\/cpcascante.educacion.navarra.es\/web1\/wp-json\/wp\/v2\/users\/1"}],"replies":[{"embeddable":true,"href":"https:\/\/cpcascante.educacion.navarra.es\/web1\/wp-json\/wp\/v2\/comments?post=77"}],"version-history":[{"count":10,"href":"https:\/\/cpcascante.educacion.navarra.es\/web1\/wp-json\/wp\/v2\/pages\/77\/revisions"}],"predecessor-version":[{"id":1648,"href":"https:\/\/cpcascante.educacion.navarra.es\/web1\/wp-json\/wp\/v2\/pages\/77\/revisions\/1648"}],"up":[{"embeddable":true,"href":"https:\/\/cpcascante.educacion.navarra.es\/web1\/wp-json\/wp\/v2\/pages\/711"}],"wp:attachment":[{"href":"https:\/\/cpcascante.educacion.navarra.es\/web1\/wp-json\/wp\/v2\/media?parent=77"}],"curies":[{"name":"wp","href":"https:\/\/api.w.org\/{rel}","templated":true}]}}