{"id":705,"date":"2016-03-03T13:05:09","date_gmt":"2016-03-03T12:05:09","guid":{"rendered":"http:\/\/cpcascante.educacion.navarra.es\/web1\/?page_id=705"},"modified":"2016-03-03T16:12:10","modified_gmt":"2016-03-03T15:12:10","slug":"50-aniversario","status":"publish","type":"page","link":"https:\/\/cpcascante.educacion.navarra.es\/web1\/50-aniversario\/","title":{"rendered":"50 Aniversario"},"content":{"rendered":"<p>En esta p\u00e1gina recogemos todos los art\u00edculos, actos y actividades realizadas para la celebraci\u00f3n del 5o aniversario del centro.<\/p>\n","protected":false},"excerpt":{"rendered":"<p>En esta p\u00e1gina recogemos todos los art\u00edculos, actos y actividades realizadas para la celebraci\u00f3n del 5o aniversario del centro.<\/p>\n","protected":false},"author":1,"featured_media":0,"parent":0,"menu_order":0,"comment_status":"closed","ping_status":"closed","template":"","meta":{"_genesis_hide_title":false,"_genesis_hide_breadcrumbs":false,"_genesis_hide_singular_image":false,"_genesis_hide_footer_widgets":false,"_genesis_custom_body_class":"","_genesis_custom_post_class":"","_genesis_layout":""},"_links":{"self":[{"href":"https:\/\/cpcascante.educacion.navarra.es\/web1\/wp-json\/wp\/v2\/pages\/705"}],"collection":[{"href":"https:\/\/cpcascante.educacion.navarra.es\/web1\/wp-json\/wp\/v2\/pages"}],"about":[{"href":"https:\/\/cpcascante.educacion.navarra.es\/web1\/wp-json\/wp\/v2\/types\/page"}],"author":[{"embeddable":true,"href":"https:\/\/cpcascante.educacion.navarra.es\/web1\/wp-json\/wp\/v2\/users\/1"}],"replies":[{"embeddable":true,"href":"https:\/\/cpcascante.educacion.navarra.es\/web1\/wp-json\/wp\/v2\/comments?post=705"}],"version-history":[{"count":3,"href":"https:\/\/cpcascante.educacion.navarra.es\/web1\/wp-json\/wp\/v2\/pages\/705\/revisions"}],"predecessor-version":[{"id":736,"href":"https:\/\/cpcascante.educacion.navarra.es\/web1\/wp-json\/wp\/v2\/pages\/705\/revisions\/736"}],"wp:attachment":[{"href":"https:\/\/cpcascante.educacion.navarra.es\/web1\/wp-json\/wp\/v2\/media?parent=705"}],"curies":[{"name":"wp","href":"https:\/\/api.w.org\/{rel}","templated":true}]}}