{"id":36,"date":"2022-06-23T10:00:00","date_gmt":"2022-06-23T08:00:00","guid":{"rendered":"http:\/\/cpcascante.educacion.navarra.es\/web1\/calendario-escolar\/"},"modified":"2025-07-02T14:05:15","modified_gmt":"2025-07-02T12:05:15","slug":"calendario-escolar","status":"publish","type":"page","link":"https:\/\/cpcascante.educacion.navarra.es\/web1\/nuestro-centro-2\/calendario-escolar\/","title":{"rendered":"Calendario Escolar"},"content":{"rendered":"<p style=\"text-align: left;\"><span style=\"font-family: tahoma,arial,helvetica,sans-serif; font-size: 14pt;\">Ya ten\u00e9is disponible el Calendario Escolar para el curso 2025-2026. Si quer\u00e9is descargarlo solo ten\u00e9is que pinchar en el siguiente enlace.<\/span><\/p>\n<p style=\"text-align: left;\"><span style=\"font-family: tahoma,arial,helvetica,sans-serif; font-size: 14pt;\"> <a href=\"https:\/\/drive.google.com\/file\/d\/1FypMMp3ZQ4rni_ifa-YDKkDI1Z_Ingus\/view?usp=drive_link\" target=\"_blank\" rel=\"noopener\">CALENDARIO 25-26<\/a><\/span><\/p>\n","protected":false},"excerpt":{"rendered":"<p>Ya ten\u00e9is disponible el Calendario Escolar para el curso 2025-2026. Si quer\u00e9is descargarlo solo ten\u00e9is que pinchar en el siguiente enlace. CALENDARIO 25-26<\/p>\n","protected":false},"author":1,"featured_media":0,"parent":694,"menu_order":4,"comment_status":"closed","ping_status":"closed","template":"","meta":{"_genesis_hide_title":false,"_genesis_hide_breadcrumbs":false,"_genesis_hide_singular_image":false,"_genesis_hide_footer_widgets":false,"_genesis_custom_body_class":"","_genesis_custom_post_class":"","_genesis_layout":""},"_links":{"self":[{"href":"https:\/\/cpcascante.educacion.navarra.es\/web1\/wp-json\/wp\/v2\/pages\/36"}],"collection":[{"href":"https:\/\/cpcascante.educacion.navarra.es\/web1\/wp-json\/wp\/v2\/pages"}],"about":[{"href":"https:\/\/cpcascante.educacion.navarra.es\/web1\/wp-json\/wp\/v2\/types\/page"}],"author":[{"embeddable":true,"href":"https:\/\/cpcascante.educacion.navarra.es\/web1\/wp-json\/wp\/v2\/users\/1"}],"replies":[{"embeddable":true,"href":"https:\/\/cpcascante.educacion.navarra.es\/web1\/wp-json\/wp\/v2\/comments?post=36"}],"version-history":[{"count":18,"href":"https:\/\/cpcascante.educacion.navarra.es\/web1\/wp-json\/wp\/v2\/pages\/36\/revisions"}],"predecessor-version":[{"id":2365,"href":"https:\/\/cpcascante.educacion.navarra.es\/web1\/wp-json\/wp\/v2\/pages\/36\/revisions\/2365"}],"up":[{"embeddable":true,"href":"https:\/\/cpcascante.educacion.navarra.es\/web1\/wp-json\/wp\/v2\/pages\/694"}],"wp:attachment":[{"href":"https:\/\/cpcascante.educacion.navarra.es\/web1\/wp-json\/wp\/v2\/media?parent=36"}],"curies":[{"name":"wp","href":"https:\/\/api.w.org\/{rel}","templated":true}]}}