{"id":31,"date":"2011-11-29T11:43:31","date_gmt":"2011-11-29T10:43:31","guid":{"rendered":"http:\/\/cpcascante.educacion.navarra.es\/web1\/buzon-sqr\/"},"modified":"2021-03-11T16:03:50","modified_gmt":"2021-03-11T15:03:50","slug":"buzon-sqr","status":"publish","type":"page","link":"https:\/\/cpcascante.educacion.navarra.es\/web1\/nuestro-centro-2\/buzon-sqr\/","title":{"rendered":"SQRA"},"content":{"rendered":"<h6 style=\"text-align: center;\"><span style=\"color: #008000; font-family: tahoma, arial, helvetica, sans-serif;\"><span style=\"font-size: 32px; line-height: 48px;\"><b>SUGERENCIAS, QUEJAS, RECLAMACIONES Y AGRADECIMIENTOS<\/b><\/span><\/span><\/h6>\n<h4 style=\"text-align: justify;\">Dentro de nuestro sistema de Calidad Educativa, pod\u00e9is aportar vuestras Sugerencias, Quejas, Reclamaciones y Agradecimientos (SQRA) a trav\u00e9s del Formulario SQRA, pinchando en el icono del buz\u00f3n<\/h4>\n<h4 style=\"text-align: justify;\">Esto nos permite conocer vuestras opiniones, dar respuesta a las mismas y disponer de datos que nos permita ofrecer acciones de mejora.<\/h4>\n<h4 style=\"text-align: justify;\">El plazo previsto para contestar es de 15 d\u00edas lectivos y se realizar\u00e1 via e-mail o carta postal<\/h4>\n<h4 style=\"text-align: justify;\">Tambi\u00e9n pod\u00e9is realizar vuestras aportaciones a trav\u00e9s del buz\u00f3n SQRA instalado en la entrada principal del centro<\/h4>\n<h4 style=\"text-align: justify;\">Para que estos documentos tengan validez, deber\u00e1n estar correctamente cumplimentados.<\/h4>\n<h4>Esperamos vuestra colaboraci\u00f3n.<\/h4>\n<h4 style=\"text-align: justify;\">\u00a0<\/h4>\n","protected":false},"excerpt":{"rendered":"<p>SUGERENCIAS, QUEJAS, RECLAMACIONES Y AGRADECIMIENTOS Dentro de nuestro sistema de Calidad Educativa, pod\u00e9is aportar vuestras Sugerencias, Quejas, Reclamaciones y Agradecimientos (SQRA) a trav\u00e9s del Formulario SQRA, pinchando en el icono del buz\u00f3n Esto nos permite conocer vuestras opiniones, dar respuesta a las mismas y disponer de datos que nos permita ofrecer acciones de mejora. El [&hellip;]<\/p>\n","protected":false},"author":1,"featured_media":0,"parent":694,"menu_order":7,"comment_status":"closed","ping_status":"closed","template":"","meta":{"_genesis_hide_title":false,"_genesis_hide_breadcrumbs":false,"_genesis_hide_singular_image":false,"_genesis_hide_footer_widgets":false,"_genesis_custom_body_class":"","_genesis_custom_post_class":"","_genesis_layout":""},"_links":{"self":[{"href":"https:\/\/cpcascante.educacion.navarra.es\/web1\/wp-json\/wp\/v2\/pages\/31"}],"collection":[{"href":"https:\/\/cpcascante.educacion.navarra.es\/web1\/wp-json\/wp\/v2\/pages"}],"about":[{"href":"https:\/\/cpcascante.educacion.navarra.es\/web1\/wp-json\/wp\/v2\/types\/page"}],"author":[{"embeddable":true,"href":"https:\/\/cpcascante.educacion.navarra.es\/web1\/wp-json\/wp\/v2\/users\/1"}],"replies":[{"embeddable":true,"href":"https:\/\/cpcascante.educacion.navarra.es\/web1\/wp-json\/wp\/v2\/comments?post=31"}],"version-history":[{"count":9,"href":"https:\/\/cpcascante.educacion.navarra.es\/web1\/wp-json\/wp\/v2\/pages\/31\/revisions"}],"predecessor-version":[{"id":1972,"href":"https:\/\/cpcascante.educacion.navarra.es\/web1\/wp-json\/wp\/v2\/pages\/31\/revisions\/1972"}],"up":[{"embeddable":true,"href":"https:\/\/cpcascante.educacion.navarra.es\/web1\/wp-json\/wp\/v2\/pages\/694"}],"wp:attachment":[{"href":"https:\/\/cpcascante.educacion.navarra.es\/web1\/wp-json\/wp\/v2\/media?parent=31"}],"curies":[{"name":"wp","href":"https:\/\/api.w.org\/{rel}","templated":true}]}}