{"id":28,"date":"2010-02-27T14:26:20","date_gmt":"2010-02-27T13:26:20","guid":{"rendered":"http:\/\/cpcascante.educacion.navarra.es\/web1\/ampliaciones-del-centro\/"},"modified":"2016-03-03T13:09:49","modified_gmt":"2016-03-03T12:09:49","slug":"ampliaciones-del-centro","status":"publish","type":"page","link":"https:\/\/cpcascante.educacion.navarra.es\/web1\/50-aniversario\/ampliaciones-del-centro\/","title":{"rendered":"Ampliaciones del Centro"},"content":{"rendered":"<p style=\"text-align: justify;\">En 1955, a\u00f1o en que comienza a ser utilizado el nuevo colegio, el Grupo Escolar contaba tan s\u00f3lo con 8 aulas, 4 para ni\u00f1os y 4 para ni\u00f1as.<\/p>\n<p style=\"text-align: justify;\">Pero la educaci\u00f3n fue evolucionando y la demanda de espacios fue haci\u00e9ndose palpable. La matr\u00edcula del colegio fue aumentando, y a partir de 1965, fecha en que se marcharon las religiosas carmelitas, se tuvo que hacer frente a la escolarizaci\u00f3n de toda la poblaci\u00f3n en edad escolar, de 4 a 14 a\u00f1os, de la localidad. (En esos momentos, la asistencia era obligatoria bajo pena de multa a la familia.)<\/p>\n<p style=\"text-align: justify;\">El Ayuntamiento utiliz\u00f3 el antiguo colegio de Carmelitas para recoger al alumnado de p\u00e1rvulos y de 1\u00ba, as\u00ed como el intervalo 12 &#8211; 14 a\u00f1os, tanto de ni\u00f1as como de ni\u00f1os (que en esos momentos no compart\u00edan espacios, encontrando clases de ni\u00f1as y clases de ni\u00f1os.)<\/p>\n<p style=\"text-align: justify;\">Con la nueva ley de Educaci\u00f3n de 1970, se instaura la obligatoriedad de crear clases mixtas, de ni\u00f1os y ni\u00f1as, as\u00ed como de establecer niveles por edades, sin mezclarlas salvo excepciones. De este modo, el Ayuntamiento se plantea una ampliaci\u00f3n del grupo escolar; tomando para tal fin un camino de ovejas que pasaba delante del colegio, enlazando con la calle C\u00e9sar, y una parte del terrapl\u00e9n de subida al parque del Romero. (El edificio y terrenos de Carmelitas se iban a destinar a instalaciones deportivas y piscinas, as\u00ed como a Plaza de Toros.)<\/p>\n<p style=\"text-align: justify;\">Pero un gran acontecimiento sucede durante la excavaci\u00f3n del terreno, justo debajo del terrapl\u00e9n: una excavadora patina y chirr\u00eda al tropezar con algo duro. De esa manera son descubiertos restos arqueol\u00f3gicos correspondientes a una casa romana datada entre los siglos I y III d.c.<\/p>\n<p style=\"text-align: justify;\">Las obras se paralizan durante bastante tiempo, pero tras mucho negociar, el mosaico romano encontrado es trasladado al Museo de Navarra y las obras pueden proseguir.\u00a0\u00a0 (Las fotos han sido cedidas por el Museo de Navarra.)<\/p>\n<p style=\"text-align: justify;\">As\u00ed se construyen 8 aulas m\u00e1s, que pasar\u00e1n a ser las de \u00abSegunda Etapa\u00bb. Tambi\u00e9n se aprovecha para ampliar el antiguo edificio con una cocina y comedor y 2 nuevas aulas encima.<\/p>\n<p style=\"text-align: justify;\">El nuevo edificio, separado del anterior, se inaugura en 1974. El colegio comienza a ser comarcal, viniendo gente de Barillas, Tulebras y Monteagudo.<\/p>\n<p style=\"text-align: justify;\">M\u00e1s adelante, en 1980, se hace necesaria una nueva ampliaci\u00f3n para dotar al Centro de: Biblioteca, Sala de Audiovisuales y Usos M\u00faltiples, Laboratorio, Sala del Profesorado&#8230; y cuatro aulas m\u00e1s.\u00a0 As\u00ed, los dos edificios que antes se encontraban separados son unidos mediante una construcci\u00f3n en forma de L.<\/p>\n<p style=\"text-align: justify;\">As\u00ed llegamos al momento actual, \u00e9ste es nuestro colegio. (Probamos a unir las tres partes del rompecabezas&#8230;)<\/p>\n<p style=\"text-align: justify;\">Finalmente, la \u00faltima ampliaci\u00f3n se inaugur\u00f3 en el a\u00f1o 1998. Tras muchos a\u00f1os de solicitud de un gimnasio escolar, \u00e9ste se materializ\u00f3 en un polideportivo escolar y municipal que se construy\u00f3 utilizando una parte de los patios del colegio y unos edificios colindantes, excavando el terreno, pero respetando siempre el front\u00f3n escolar.<\/p>\n<p style=\"text-align: justify;\">Ello permiti\u00f3 dotar de polideportivo con gradas, duchas con vestuarios y otros peque\u00f1os espacios. La parte superior, encima del polideportivo, sigui\u00f3 siendo aprovechada para patio escolar.<\/p>\n","protected":false},"excerpt":{"rendered":"<p>En 1955, a\u00f1o en que comienza a ser utilizado el nuevo colegio, el Grupo Escolar contaba tan s\u00f3lo con 8 aulas, 4 para ni\u00f1os y 4 para ni\u00f1as. Pero la educaci\u00f3n fue evolucionando y la demanda de espacios fue haci\u00e9ndose palpable. La matr\u00edcula del colegio fue aumentando, y a partir de 1965, fecha en que [&hellip;]<\/p>\n","protected":false},"author":1,"featured_media":0,"parent":705,"menu_order":4,"comment_status":"closed","ping_status":"closed","template":"","meta":{"_genesis_hide_title":false,"_genesis_hide_breadcrumbs":false,"_genesis_hide_singular_image":false,"_genesis_hide_footer_widgets":false,"_genesis_custom_body_class":"","_genesis_custom_post_class":"","_genesis_layout":""},"_links":{"self":[{"href":"https:\/\/cpcascante.educacion.navarra.es\/web1\/wp-json\/wp\/v2\/pages\/28"}],"collection":[{"href":"https:\/\/cpcascante.educacion.navarra.es\/web1\/wp-json\/wp\/v2\/pages"}],"about":[{"href":"https:\/\/cpcascante.educacion.navarra.es\/web1\/wp-json\/wp\/v2\/types\/page"}],"author":[{"embeddable":true,"href":"https:\/\/cpcascante.educacion.navarra.es\/web1\/wp-json\/wp\/v2\/users\/1"}],"replies":[{"embeddable":true,"href":"https:\/\/cpcascante.educacion.navarra.es\/web1\/wp-json\/wp\/v2\/comments?post=28"}],"version-history":[{"count":5,"href":"https:\/\/cpcascante.educacion.navarra.es\/web1\/wp-json\/wp\/v2\/pages\/28\/revisions"}],"predecessor-version":[{"id":709,"href":"https:\/\/cpcascante.educacion.navarra.es\/web1\/wp-json\/wp\/v2\/pages\/28\/revisions\/709"}],"up":[{"embeddable":true,"href":"https:\/\/cpcascante.educacion.navarra.es\/web1\/wp-json\/wp\/v2\/pages\/705"}],"wp:attachment":[{"href":"https:\/\/cpcascante.educacion.navarra.es\/web1\/wp-json\/wp\/v2\/media?parent=28"}],"curies":[{"name":"wp","href":"https:\/\/api.w.org\/{rel}","templated":true}]}}