{"id":27,"date":"2010-02-27T14:20:51","date_gmt":"2010-02-27T13:20:51","guid":{"rendered":"http:\/\/cpcascante.educacion.navarra.es\/web1\/antiguos-centros-escolares\/"},"modified":"2016-03-03T13:08:49","modified_gmt":"2016-03-03T12:08:49","slug":"antiguos-centros-escolares","status":"publish","type":"page","link":"https:\/\/cpcascante.educacion.navarra.es\/web1\/50-aniversario\/antiguos-centros-escolares\/","title":{"rendered":"Antiguos Centros Escolares"},"content":{"rendered":"<p style=\"text-align: justify;\">A principios del siglo XX hab\u00eda dos escuelas en la ciudad, el Colegio de las religiosas Carmelitas (abierto en Cascante hacia el a\u00f1o 1864 por dicha instituci\u00f3n religiosa) , donde se recib\u00eda educaci\u00f3n de pago y tambi\u00e9n gratuita, y las Escuelas de Gorr\u00eda, con educaci\u00f3n p\u00fablica y gratuita, exclusivamente para chicos.<\/p>\n<p>Ante una mayor demanda de escolarizaci\u00f3n, se habilitaron varias dependencias en los claustros de la Iglesia de la Victoria (en la misma manzana que ocupaba el cuartel de la Guardia Civil, con otro acceso de entrada.) Hubo que llevar a cabo remodelaciones en los citados claustros para albergar las clases de ni\u00f1as y de p\u00e1rvulos.<\/p>\n<p>Sigui\u00f3 creciendo el n\u00famero de escolares y se necesit\u00f3 habilitar nuevos espacios, tomando para tal fin parte del edificio de la antigua f\u00e1brica de \u00abCerillas Garro\u00bb, cedida desde la Administraci\u00f3n del Estado al Ayuntamiento en el a\u00f1o 1934. Se conocieron como \u00abEscuelas Garro\u00bb. Estas escuelas ser\u00edan las de chicas, mientras las Escuelas de Gorr\u00eda continuaron siendo las de chicos.<\/p>\n<p>Y llegamos al a\u00f1o 1955&#8230; El nuevo grupo escolar ya ha sido inaugurado, aunque no oficialmente; de ese modo el curso 1955-1956 comienza en el nuevo edificio, que consta de 8 clases, 4 para chicos y 4 para chicas. Tras la construcci\u00f3n del nuevo centro escolar, se cierran las Escuelas Gorr\u00eda y las Escuelas Garro.<\/p>\n<p>Sin embargo, durante unos a\u00f1os el colegio de Carmelitas sigui\u00f3 ofertando educaci\u00f3n privada y p\u00fablica. Pero, finalmente, en el a\u00f1o 1965, la orden religiosa se marcha de Cascante y el Ayuntamiento de la ciudad se queda con el edificio y terrenos adyacentes que siguieron utiliz\u00e1ndose durante unos a\u00f1os como escuelas p\u00fablicas.<\/p>\n","protected":false},"excerpt":{"rendered":"<p>A principios del siglo XX hab\u00eda dos escuelas en la ciudad, el Colegio de las religiosas Carmelitas (abierto en Cascante hacia el a\u00f1o 1864 por dicha instituci\u00f3n religiosa) , donde se recib\u00eda educaci\u00f3n de pago y tambi\u00e9n gratuita, y las Escuelas de Gorr\u00eda, con educaci\u00f3n p\u00fablica y gratuita, exclusivamente para chicos. Ante una mayor demanda [&hellip;]<\/p>\n","protected":false},"author":1,"featured_media":0,"parent":705,"menu_order":2,"comment_status":"closed","ping_status":"closed","template":"","meta":{"_genesis_hide_title":false,"_genesis_hide_breadcrumbs":false,"_genesis_hide_singular_image":false,"_genesis_hide_footer_widgets":false,"_genesis_custom_body_class":"","_genesis_custom_post_class":"","_genesis_layout":""},"_links":{"self":[{"href":"https:\/\/cpcascante.educacion.navarra.es\/web1\/wp-json\/wp\/v2\/pages\/27"}],"collection":[{"href":"https:\/\/cpcascante.educacion.navarra.es\/web1\/wp-json\/wp\/v2\/pages"}],"about":[{"href":"https:\/\/cpcascante.educacion.navarra.es\/web1\/wp-json\/wp\/v2\/types\/page"}],"author":[{"embeddable":true,"href":"https:\/\/cpcascante.educacion.navarra.es\/web1\/wp-json\/wp\/v2\/users\/1"}],"replies":[{"embeddable":true,"href":"https:\/\/cpcascante.educacion.navarra.es\/web1\/wp-json\/wp\/v2\/comments?post=27"}],"version-history":[{"count":6,"href":"https:\/\/cpcascante.educacion.navarra.es\/web1\/wp-json\/wp\/v2\/pages\/27\/revisions"}],"predecessor-version":[{"id":708,"href":"https:\/\/cpcascante.educacion.navarra.es\/web1\/wp-json\/wp\/v2\/pages\/27\/revisions\/708"}],"up":[{"embeddable":true,"href":"https:\/\/cpcascante.educacion.navarra.es\/web1\/wp-json\/wp\/v2\/pages\/705"}],"wp:attachment":[{"href":"https:\/\/cpcascante.educacion.navarra.es\/web1\/wp-json\/wp\/v2\/media?parent=27"}],"curies":[{"name":"wp","href":"https:\/\/api.w.org\/{rel}","templated":true}]}}