{"id":25,"date":"2010-02-27T13:23:21","date_gmt":"2010-02-27T12:23:21","guid":{"rendered":"http:\/\/cpcascante.educacion.navarra.es\/web1\/actos-del-50-aniversario\/"},"modified":"2016-03-03T13:12:20","modified_gmt":"2016-03-03T12:12:20","slug":"actos-del-50-aniversario","status":"publish","type":"page","link":"https:\/\/cpcascante.educacion.navarra.es\/web1\/50-aniversario\/actos-del-50-aniversario\/","title":{"rendered":"Actos 50\u00ba Aniversario"},"content":{"rendered":"<div style=\"text-align: justify;\"><\/div>\n<div style=\"text-align: justify;\"><span style=\"font-size: 12pt;\">&#8211; D\u00eda 27 de Mayo: Acto de Apertura e Inauguraci\u00f3n de la Exposici\u00f3n<\/span><\/div>\n<div style=\"text-align: justify;\"><span style=\"font-size: 12pt;\">&#8211; D\u00eda 28 de Mayo: Actuaci\u00f3n de la Coral Cais Cantum<\/span><\/div>\n<div style=\"text-align: justify;\"><span style=\"font-size: 12pt;\">&#8211; D\u00eda 3 de Junio: Celebraci\u00f3n del D\u00eda del Alumnado y Actuaciones Teatrales<\/span><\/div>\n<div style=\"text-align: justify;\"><span style=\"font-size: 12pt;\">&#8211; D\u00eda 4 de Junio: Actaci\u00f3n de la Banda Municipal de Cascante y Comida de Hermandad<\/span><\/div>\n<div style=\"text-align: justify;\"><span style=\"font-size: 12pt;\">\u00a0<\/span><\/div>\n<div style=\"text-align: justify;\"><\/div>\n<div style=\"text-align: justify;\"><span style=\"font-size: 12pt;\"><span style=\"font-size: 10pt;\">(Pinchar en el enlace para acceder a la informaci\u00f3n)<\/span><br \/>\n<\/span><\/div>\n","protected":false},"excerpt":{"rendered":"<p>&#8211; D\u00eda 27 de Mayo: Acto de Apertura e Inauguraci\u00f3n de la Exposici\u00f3n &#8211; D\u00eda 28 de Mayo: Actuaci\u00f3n de la Coral Cais Cantum &#8211; D\u00eda 3 de Junio: Celebraci\u00f3n del D\u00eda del Alumnado y Actuaciones Teatrales &#8211; D\u00eda 4 de Junio: Actaci\u00f3n de la Banda Municipal de Cascante y Comida de Hermandad \u00a0 (Pinchar [&hellip;]<\/p>\n","protected":false},"author":1,"featured_media":0,"parent":705,"menu_order":6,"comment_status":"closed","ping_status":"closed","template":"","meta":{"_genesis_hide_title":false,"_genesis_hide_breadcrumbs":false,"_genesis_hide_singular_image":false,"_genesis_hide_footer_widgets":false,"_genesis_custom_body_class":"","_genesis_custom_post_class":"","_genesis_layout":""},"_links":{"self":[{"href":"https:\/\/cpcascante.educacion.navarra.es\/web1\/wp-json\/wp\/v2\/pages\/25"}],"collection":[{"href":"https:\/\/cpcascante.educacion.navarra.es\/web1\/wp-json\/wp\/v2\/pages"}],"about":[{"href":"https:\/\/cpcascante.educacion.navarra.es\/web1\/wp-json\/wp\/v2\/types\/page"}],"author":[{"embeddable":true,"href":"https:\/\/cpcascante.educacion.navarra.es\/web1\/wp-json\/wp\/v2\/users\/1"}],"replies":[{"embeddable":true,"href":"https:\/\/cpcascante.educacion.navarra.es\/web1\/wp-json\/wp\/v2\/comments?post=25"}],"version-history":[{"count":8,"href":"https:\/\/cpcascante.educacion.navarra.es\/web1\/wp-json\/wp\/v2\/pages\/25\/revisions"}],"predecessor-version":[{"id":704,"href":"https:\/\/cpcascante.educacion.navarra.es\/web1\/wp-json\/wp\/v2\/pages\/25\/revisions\/704"}],"up":[{"embeddable":true,"href":"https:\/\/cpcascante.educacion.navarra.es\/web1\/wp-json\/wp\/v2\/pages\/705"}],"wp:attachment":[{"href":"https:\/\/cpcascante.educacion.navarra.es\/web1\/wp-json\/wp\/v2\/media?parent=25"}],"curies":[{"name":"wp","href":"https:\/\/api.w.org\/{rel}","templated":true}]}}