{"id":24,"date":"2010-02-24T15:27:51","date_gmt":"2010-02-24T14:27:51","guid":{"rendered":"http:\/\/cpcascante.educacion.navarra.es\/web1\/historia-de-la-educacion-en-cascante\/"},"modified":"2016-03-03T13:07:12","modified_gmt":"2016-03-03T12:07:12","slug":"historia-de-la-educacion-en-cascante","status":"publish","type":"page","link":"https:\/\/cpcascante.educacion.navarra.es\/web1\/50-aniversario\/historia-de-la-educacion-en-cascante\/","title":{"rendered":"Historia de la Educaci\u00f3n en Cascante"},"content":{"rendered":"<p style=\"text-align: justify;\">A principios del siglo XX hab\u00eda dos escuelas en la ciudad, el Colegio de las religiosas Carmelitas (abierto en Cascante hacia el a\u00f1o 1855 por dicha instituci\u00f3n religiosa) , donde se recib\u00eda educaci\u00f3n gratuita y de pago, y las Escuelas de Gorr\u00eda, con educaci\u00f3n p\u00fablica y gratuita.<\/p>\n<p style=\"text-align: justify;\">Ante una mayor demanda de escolarizaci\u00f3n, se habilitaron varias dependencias en los claustros de la Iglesia de la Victoria (en la misma manzana que ocupaba el cuartel de la Guardia Civil, con otro acceso de entrada)<\/p>\n<p style=\"text-align: justify;\">Sigui\u00f3 creciendo el n\u00famero de escolares y se necesit\u00f3 habilitar nuevos espacios, tomando para tal fin parte del edificio de Cerillas Garro, pas\u00e1ndose a llamar \u00abEscuelas Garro\u00bb.<\/p>\n<p style=\"text-align: justify;\">Finalizada la guerra civil, en los a\u00f1os 40, coexist\u00edan las Escuelas de Gorr\u00eda, las Escuelas Garro, \u00bflos Claustros? y Carmelitas, destin\u00e1ndose cada espacio a un determinado intervalo educativo. Es en este momento cuando el ayuntamiento comienza a pedir la construcci\u00f3n de nuevas escuelas que cumplan los requisitos exigidos a tal fin. No olvidemos que en estas fechas comienza a aplicarse rigurosamente la ley de obligatoriedad de la escolaridad, teniendo que pagar multas las familias que consintiesen a sus hijos e hijas faltar al colegio.<\/p>\n<p style=\"text-align: justify;\">En 1950, con motivo de la beatificaci\u00f3n de Vicenta M\u00aa L\u00f3pez y Vicu\u00f1a, nacida en Cascante, el teniente de Alcalde, Jos\u00e9 Jim\u00e9nez, viaja a Roma y coincide con el entonces Ministro de Educaci\u00f3n, prometi\u00e9ndole \u00e9ste la construcci\u00f3n de un Centro Escolar nuevo si llevaba el nombre de Beata Vicenta M\u00aa . El Ayuntamiento prepar\u00f3 los terrenos y en el a\u00f1o 1953? comenz\u00f3 la construcci\u00f3n del nuevo grupo escolar. \u00c9ste fue inaugurado en Mayo de 1955 (\u00a1estamos de aniversario!, \u00bfrecord\u00e1is?), sin embargo fue inaugurado oficialmente por el arzobispo y otras autoridades en las fiestas del a\u00f1o 1956, el d\u00eda de la Virgen del Romero; seg\u00fan muestra el programa de actos y festejos.<\/p>\n<p style=\"text-align: justify;\">Tras la construcci\u00f3n del nuevo centro escolar, se cierran las Escuelas Gorr\u00eda y los Claustros y se utiliza \u00fanicamente el nuevo centro, con 8 aulas, y el colegio de Carmelitas, que sigue ofertando educaci\u00f3n privada y p\u00fablica.<\/p>\n<p style=\"text-align: justify;\">En 1965, las religiosas de Carmelitas abandonaron Cascante y dejaron el edificio y terrenos en manos del Ayuntamiento, d\u00e1ndose un uso educativo, como escuela p\u00fablica (guarder\u00eda, 1\u00ba y\u00a0 2\u00ba de primaria). Seguir\u00e1 funcionado como escuela p\u00fablica hasta \u00bf1970?, y despu\u00e9s \u00fanicamente como guarder\u00eda. Pero las malas condiciones del edificio aconsejaron derribarlo, despu\u00e9s de haber construido en sus terrenos las piscinas y la plaza de toros.<\/p>\n<p style=\"text-align: justify;\">En el a\u00f1o 1969 \u00f3 1970 se comenz\u00f3 una ampliaci\u00f3n del grupo escolar Beata Vicenta M\u00aa, utilizando parte de un terrapl\u00e9n de tierra que sub\u00eda al parque del Romero y un camino de ovejas. Es entonces, en las excavaciones que se llevaron a cabo, cuando salieron a la luz unos mosaicos romanos pertenecientes a 3 habitaciones del siglo I d.c. Dichos mosaicos fueron retirados para poder proseguir con la edificaci\u00f3n y fueron llevados al Museo de Navarra.<\/p>\n<p style=\"text-align: justify;\">Se hab\u00eda hecho necesaria una nueva ampliaci\u00f3n del grupo escolar, para albergar a los chicos y chicas mayores, y de ese modo pasa a construirse el edificio llamado de 2\u00aa Etapa.<\/p>\n<p style=\"text-align: justify;\">Pero con las nuevas leyes de educaci\u00f3n se hicieron necesarios nuevos espacios: biblioteca, laboratorio, audiovisuales&#8230; y por ello, se ampli\u00f3 nuevamente hacia \u00bf1975?, construyendo una edificaci\u00f3n en L que comunicaba las dos partes de que constaba el colegio hasta entonces.<\/p>\n<p style=\"text-align: justify;\">As\u00ed llagamos hasta nuestros d\u00edas, a\u00f1o 2005, cincuenta a\u00f1os despu\u00e9s nuestro colegio tiene esa extra\u00f1a construcci\u00f3n que hace que las personas que llegan por primera vez al colegio no se orienten bien por los pasillos y no sepan bien d\u00f3nde est\u00e1n y por d\u00f3nde \u00abhan de tirar\u00bb.<\/p>\n","protected":false},"excerpt":{"rendered":"<p>A principios del siglo XX hab\u00eda dos escuelas en la ciudad, el Colegio de las religiosas Carmelitas (abierto en Cascante hacia el a\u00f1o 1855 por dicha instituci\u00f3n religiosa) , donde se recib\u00eda educaci\u00f3n gratuita y de pago, y las Escuelas de Gorr\u00eda, con educaci\u00f3n p\u00fablica y gratuita. Ante una mayor demanda de escolarizaci\u00f3n, se habilitaron [&hellip;]<\/p>\n","protected":false},"author":1,"featured_media":0,"parent":705,"menu_order":1,"comment_status":"closed","ping_status":"closed","template":"","meta":{"_genesis_hide_title":false,"_genesis_hide_breadcrumbs":false,"_genesis_hide_singular_image":false,"_genesis_hide_footer_widgets":false,"_genesis_custom_body_class":"","_genesis_custom_post_class":"","_genesis_layout":""},"_links":{"self":[{"href":"https:\/\/cpcascante.educacion.navarra.es\/web1\/wp-json\/wp\/v2\/pages\/24"}],"collection":[{"href":"https:\/\/cpcascante.educacion.navarra.es\/web1\/wp-json\/wp\/v2\/pages"}],"about":[{"href":"https:\/\/cpcascante.educacion.navarra.es\/web1\/wp-json\/wp\/v2\/types\/page"}],"author":[{"embeddable":true,"href":"https:\/\/cpcascante.educacion.navarra.es\/web1\/wp-json\/wp\/v2\/users\/1"}],"replies":[{"embeddable":true,"href":"https:\/\/cpcascante.educacion.navarra.es\/web1\/wp-json\/wp\/v2\/comments?post=24"}],"version-history":[{"count":11,"href":"https:\/\/cpcascante.educacion.navarra.es\/web1\/wp-json\/wp\/v2\/pages\/24\/revisions"}],"predecessor-version":[{"id":707,"href":"https:\/\/cpcascante.educacion.navarra.es\/web1\/wp-json\/wp\/v2\/pages\/24\/revisions\/707"}],"up":[{"embeddable":true,"href":"https:\/\/cpcascante.educacion.navarra.es\/web1\/wp-json\/wp\/v2\/pages\/705"}],"wp:attachment":[{"href":"https:\/\/cpcascante.educacion.navarra.es\/web1\/wp-json\/wp\/v2\/media?parent=24"}],"curies":[{"name":"wp","href":"https:\/\/api.w.org\/{rel}","templated":true}]}}