{"id":2091,"date":"2022-02-10T10:15:26","date_gmt":"2022-02-10T09:15:26","guid":{"rendered":"https:\/\/cpcascante.educacion.navarra.es\/web1\/?page_id=2091"},"modified":"2022-02-10T10:20:29","modified_gmt":"2022-02-10T09:20:29","slug":"lomloe","status":"publish","type":"page","link":"https:\/\/cpcascante.educacion.navarra.es\/web1\/lomloe\/","title":{"rendered":"LOMLOE"},"content":{"rendered":"<p>En esta p\u00e1gina queremos dar a conocer la Nueva Ley de Educaci\u00f3n\u00a0 (LOMLOE) que sustituye a la anterior (LOMCE)<\/p>\n<ul>\n<li><a href=\"https:\/\/www.boe.es\/boe\/dias\/2020\/12\/30\/pdfs\/BOE-A-2020-17264.pdf\" target=\"_blank\" rel=\"noopener\"><strong>Ley Org\u00e1nica 3\/2020, de 29 de diciembre, por la que se modifica la Ley Org\u00e1nica 2\/2006, de 3 de mayo, de Educaci\u00f3n.<\/strong><\/a><\/li>\n<li>\n<p class=\"documento-tit\"><strong><a href=\"https:\/\/www.boe.es\/boe\/dias\/2021\/11\/17\/pdfs\/BOE-A-2021-18812.pdf\" target=\"_blank\" rel=\"noopener\"><span style=\"font-size: 12pt;\">Real Decreto 984\/2021, de 16 de noviembre, por el que se regulan la evaluaci\u00f3n y la promoci\u00f3n en la Educaci\u00f3n Primaria, as\u00ed como la evaluaci\u00f3n, la promoci\u00f3n y la titulaci\u00f3n en la Educaci\u00f3n Secundaria Obligatoria, el Bachillerato y la Formaci\u00f3n Profesional.<\/span><\/a><\/strong><\/p>\n<\/li>\n<\/ul>\n<p><strong><span style=\"text-decoration: underline;\">CALENDARIO DE IMPLANTACI\u00d3N DE LA LOMLOE<\/span><\/strong><\/p>\n<p><iframe loading=\"lazy\" title=\"YouTube video player\" src=\"https:\/\/www.youtube.com\/embed\/XOb_m_aPFhw\" width=\"660\" height=\"415\" frameborder=\"0\" allowfullscreen=\"allowfullscreen\"><span data-mce-type=\"bookmark\" style=\"display: inline-block; width: 0px; overflow: hidden; line-height: 0;\" class=\"mce_SELRES_start\">\ufeff<\/span><\/iframe><\/p>\n","protected":false},"excerpt":{"rendered":"<p>En esta p\u00e1gina queremos dar a conocer la Nueva Ley de Educaci\u00f3n\u00a0 (LOMLOE) que sustituye a la anterior (LOMCE) Ley Org\u00e1nica 3\/2020, de 29 de diciembre, por la que se modifica la Ley Org\u00e1nica 2\/2006, de 3 de mayo, de Educaci\u00f3n. Real Decreto 984\/2021, de 16 de noviembre, por el que se regulan la evaluaci\u00f3n [&hellip;]<\/p>\n","protected":false},"author":1,"featured_media":0,"parent":0,"menu_order":0,"comment_status":"closed","ping_status":"closed","template":"","meta":{"_genesis_hide_title":false,"_genesis_hide_breadcrumbs":false,"_genesis_hide_singular_image":false,"_genesis_hide_footer_widgets":false,"_genesis_custom_body_class":"","_genesis_custom_post_class":"","_genesis_layout":""},"_links":{"self":[{"href":"https:\/\/cpcascante.educacion.navarra.es\/web1\/wp-json\/wp\/v2\/pages\/2091"}],"collection":[{"href":"https:\/\/cpcascante.educacion.navarra.es\/web1\/wp-json\/wp\/v2\/pages"}],"about":[{"href":"https:\/\/cpcascante.educacion.navarra.es\/web1\/wp-json\/wp\/v2\/types\/page"}],"author":[{"embeddable":true,"href":"https:\/\/cpcascante.educacion.navarra.es\/web1\/wp-json\/wp\/v2\/users\/1"}],"replies":[{"embeddable":true,"href":"https:\/\/cpcascante.educacion.navarra.es\/web1\/wp-json\/wp\/v2\/comments?post=2091"}],"version-history":[{"count":4,"href":"https:\/\/cpcascante.educacion.navarra.es\/web1\/wp-json\/wp\/v2\/pages\/2091\/revisions"}],"predecessor-version":[{"id":2096,"href":"https:\/\/cpcascante.educacion.navarra.es\/web1\/wp-json\/wp\/v2\/pages\/2091\/revisions\/2096"}],"wp:attachment":[{"href":"https:\/\/cpcascante.educacion.navarra.es\/web1\/wp-json\/wp\/v2\/media?parent=2091"}],"curies":[{"name":"wp","href":"https:\/\/api.w.org\/{rel}","templated":true}]}}