{"id":1993,"date":"2021-03-29T23:05:22","date_gmt":"2021-03-29T21:05:22","guid":{"rendered":"https:\/\/cpcascante.educacion.navarra.es\/web1\/?page_id=1993"},"modified":"2021-03-29T23:05:22","modified_gmt":"2021-03-29T21:05:22","slug":"documentacion-covid-19","status":"publish","type":"page","link":"https:\/\/cpcascante.educacion.navarra.es\/web1\/documentacion-covid-19\/","title":{"rendered":"Documentaci\u00f3n COVID-19"},"content":{"rendered":"<p>Para facilitar el acceso a la Documentaci\u00f3n del Plan de Contingencia del Departamento, del Centro, de los posibles cambios y modificaciones en \u00e9l, hemos puesto esta pagina en el Men\u00fa Principal, desde donde se podra acceder de una forma mas r\u00e1pida a los documentos necesarios.<\/p>\n","protected":false},"excerpt":{"rendered":"<p>Para facilitar el acceso a la Documentaci\u00f3n del Plan de Contingencia del Departamento, del Centro, de los posibles cambios y modificaciones en \u00e9l, hemos puesto esta pagina en el Men\u00fa Principal, desde donde se podra acceder de una forma mas r\u00e1pida a los documentos necesarios.<\/p>\n","protected":false},"author":1,"featured_media":0,"parent":0,"menu_order":0,"comment_status":"closed","ping_status":"closed","template":"","meta":{"_genesis_hide_title":false,"_genesis_hide_breadcrumbs":false,"_genesis_hide_singular_image":false,"_genesis_hide_footer_widgets":false,"_genesis_custom_body_class":"","_genesis_custom_post_class":"","_genesis_layout":""},"_links":{"self":[{"href":"https:\/\/cpcascante.educacion.navarra.es\/web1\/wp-json\/wp\/v2\/pages\/1993"}],"collection":[{"href":"https:\/\/cpcascante.educacion.navarra.es\/web1\/wp-json\/wp\/v2\/pages"}],"about":[{"href":"https:\/\/cpcascante.educacion.navarra.es\/web1\/wp-json\/wp\/v2\/types\/page"}],"author":[{"embeddable":true,"href":"https:\/\/cpcascante.educacion.navarra.es\/web1\/wp-json\/wp\/v2\/users\/1"}],"replies":[{"embeddable":true,"href":"https:\/\/cpcascante.educacion.navarra.es\/web1\/wp-json\/wp\/v2\/comments?post=1993"}],"version-history":[{"count":1,"href":"https:\/\/cpcascante.educacion.navarra.es\/web1\/wp-json\/wp\/v2\/pages\/1993\/revisions"}],"predecessor-version":[{"id":1994,"href":"https:\/\/cpcascante.educacion.navarra.es\/web1\/wp-json\/wp\/v2\/pages\/1993\/revisions\/1994"}],"wp:attachment":[{"href":"https:\/\/cpcascante.educacion.navarra.es\/web1\/wp-json\/wp\/v2\/media?parent=1993"}],"curies":[{"name":"wp","href":"https:\/\/api.w.org\/{rel}","templated":true}]}}