{"id":1882,"date":"2020-09-17T19:46:59","date_gmt":"2020-09-17T17:46:59","guid":{"rendered":"https:\/\/cpcascante.educacion.navarra.es\/web1\/?page_id=1882"},"modified":"2020-09-21T18:22:20","modified_gmt":"2020-09-21T16:22:20","slug":"registro-en-la-aplicacion-tokapp","status":"publish","type":"page","link":"https:\/\/cpcascante.educacion.navarra.es\/web1\/biblioteca-de-recursos-tic\/registro-en-la-aplicacion-tokapp\/","title":{"rendered":"Instalaci\u00f3n Aplicaci\u00f3n TokApp"},"content":{"rendered":"<p><a href=\"https:\/\/www.youtube.com\/watch?v=nhT2-kNhSS0\" target=\"_blank\" rel=\"noopener noreferrer\">VIDEO TUTORIAL PARA LA INSTALACI\u00d3N<\/a><\/p>\n<p><a href=\"https:\/\/drive.google.com\/file\/d\/1etoRf1-VNkneTLQ58u-CiAPtVMfyBJyV\/view?usp=sharing\" target=\"_blank\" rel=\"noopener noreferrer\">TUTORIAL PARA USUARIOS DE TOKAPP<\/a><\/p>\n<p>TokApp est\u00e1 disponible en todas las plataformas m\u00f3viles y podremos instalarla en todos los dispositivos que necesitemos, la puedes descargar desde la tienda de tu dispositivo (App Store, Google Play o Windows Phone Store).\u00a0<\/p>\n<p>Los pasos que debes seguir para la instalaci\u00f3n son:<\/p>\n<ol>\n<li>Accede a tu tienda de Apps (App Store o Google Play)<\/li>\n<li>Busca \u00abTokApp\u00bb o \u00abTokApp School\u00bb<\/li>\n<li>Pulsa el bot\u00f3n de \u00abInstalar\u00bb la aplicaci\u00f3n.\u00a0<\/li>\n<li>Accede a tu app.<\/li>\n<li>Selecciona el pa\u00eds de residencia<\/li>\n<li>Acepta la condiciones de uso<\/li>\n<li>Introduce tu n\u00famero de tel\u00e9fono, recibiremos un sms con un c\u00f3digo que vincular\u00e1 nuestro m\u00f3vil, debemos insertarlo en la aplicaci\u00f3n.<\/li>\n<li>Escribir el nombre de usuario y contrase\u00f1a. El usuario es \u00fanico e intransferible.<br \/>\nDebes tener en cuenta que el usuario de registro debe estar disponible y cumplir los siguientes requisitos:<\/p>\n<ul>\n<li>Debe tener entre 6 y 12 caracteres y no debe tener caracteres y s\u00edmbolos especiales como la \u00f1, la @, espacios o tildes.<\/li>\n<li>No debe incluir caracteres especiales (EJ. \u00ab\u00f1\u00bb, \u00ab@\u00bb, tildes\u2026) Por seguridad, no se puede usar el correo electr\u00f3nico como tu usuario.<\/li>\n<li>Una vez elegido, la app te indicar\u00e1 si est\u00e1 disponible para poder registrarlo.<\/li>\n<\/ul>\n<\/li>\n<li>En la siguiente pantalla ver\u00e1s el men\u00fa (Chat, Servicios, Ajustes)<\/li>\n<\/ol>\n<p>En este momento ya est\u00e1s\u00a0registrad@.\u00a0Desde los\u00a0<strong> &lt;&lt;Ajustes\u00bb<\/strong>\u00a0de la aplicaci\u00f3n podremos:\u00a0<a href=\"https:\/\/tokapp.freshdesk.com\/es\/support\/solutions\/articles\/33000218375--puedo-cambiar-mi-contrase%C3%B1a-de-registro-\">cambiar contrase\u00f1a<\/a>,\u00a0<a href=\"https:\/\/tokapp.freshdesk.com\/es\/support\/solutions\/articles\/33000200819--c%C3%B3mo-puedo-asociar-otro-email-o-n%C3%BAmero-de-tel%C3%A9fono-a-mi-usuario-\">vincular nuestro correo electr\u00f3nico<\/a>,\u00a0<a href=\"https:\/\/tokapp.freshdesk.com\/es\/support\/solutions\/articles\/33000218378--puedo-sincronizar-mis-contactos-\">sincronizar nuestros contactos<\/a>, etc.<\/p>\n<p>Debes confirmar con el centro\/empresa que los datos con los que te has dado de alta son los mismos que ellos tienen en su base de datos para que te lleguen los comunicados que env\u00eden.<\/p>\n<p>Si necesitas ayuda no dudes en contactar con nuestro soporte t\u00e9cnico.<\/p>\n<p><strong>Soporte y Ayuda<\/strong><\/p>\n<p>\u00bfQu\u00e9 necesitas?<\/p>\n<p>Nuestro departamento de soporte est\u00e1 disponible telef\u00f3nicamente (en horario de oficina), por correo y por web. Puedes utilizar la v\u00eda que prefieras, siempre se te asignar\u00e1 un ticket personalizado con tu duda para que puedas hacer un seguimiento sencillo.\ue076<\/p>\n<p>Escr\u00edbenos<\/p>\n<p><a href=\"mailto:soporte@TokApp.com\"><strong>soporte@TokApp.com<\/strong><\/a><\/p>\n<p>O ll\u00e1manos <a href=\"tel:+34886080996\">(+34) 886 08 09 96<\/a><\/p>\n<p>A medida que TokApp crece, tambi\u00e9n lo hacemos en soporte. A d\u00eda de hoy tenemos disponibilidad de l\u00ednea en estos pa\u00edses<\/p>\n<p>&nbsp;<\/p>\n<p>&nbsp;<\/p>\n","protected":false},"excerpt":{"rendered":"<p>VIDEO TUTORIAL PARA LA INSTALACI\u00d3N TUTORIAL PARA USUARIOS DE TOKAPP TokApp est\u00e1 disponible en todas las plataformas m\u00f3viles y podremos instalarla en todos los dispositivos que necesitemos, la puedes descargar desde la tienda de tu dispositivo (App Store, Google Play o Windows Phone Store).\u00a0 Los pasos que debes seguir para la instalaci\u00f3n son: Accede a [&hellip;]<\/p>\n","protected":false},"author":1,"featured_media":0,"parent":1656,"menu_order":0,"comment_status":"closed","ping_status":"closed","template":"","meta":{"_genesis_hide_title":false,"_genesis_hide_breadcrumbs":false,"_genesis_hide_singular_image":false,"_genesis_hide_footer_widgets":false,"_genesis_custom_body_class":"","_genesis_custom_post_class":"","_genesis_layout":""},"_links":{"self":[{"href":"https:\/\/cpcascante.educacion.navarra.es\/web1\/wp-json\/wp\/v2\/pages\/1882"}],"collection":[{"href":"https:\/\/cpcascante.educacion.navarra.es\/web1\/wp-json\/wp\/v2\/pages"}],"about":[{"href":"https:\/\/cpcascante.educacion.navarra.es\/web1\/wp-json\/wp\/v2\/types\/page"}],"author":[{"embeddable":true,"href":"https:\/\/cpcascante.educacion.navarra.es\/web1\/wp-json\/wp\/v2\/users\/1"}],"replies":[{"embeddable":true,"href":"https:\/\/cpcascante.educacion.navarra.es\/web1\/wp-json\/wp\/v2\/comments?post=1882"}],"version-history":[{"count":4,"href":"https:\/\/cpcascante.educacion.navarra.es\/web1\/wp-json\/wp\/v2\/pages\/1882\/revisions"}],"predecessor-version":[{"id":1890,"href":"https:\/\/cpcascante.educacion.navarra.es\/web1\/wp-json\/wp\/v2\/pages\/1882\/revisions\/1890"}],"up":[{"embeddable":true,"href":"https:\/\/cpcascante.educacion.navarra.es\/web1\/wp-json\/wp\/v2\/pages\/1656"}],"wp:attachment":[{"href":"https:\/\/cpcascante.educacion.navarra.es\/web1\/wp-json\/wp\/v2\/media?parent=1882"}],"curies":[{"name":"wp","href":"https:\/\/api.w.org\/{rel}","templated":true}]}}