{"id":1684,"date":"2020-02-27T18:35:12","date_gmt":"2020-02-27T17:35:12","guid":{"rendered":"https:\/\/cpcascante.educacion.navarra.es\/web1\/?page_id=1684"},"modified":"2020-02-27T21:32:50","modified_gmt":"2020-02-27T20:32:50","slug":"dia-de-la-paz-2019-2020","status":"publish","type":"page","link":"https:\/\/cpcascante.educacion.navarra.es\/web1\/actividades-de-centro-primaria\/dia-de-la-paz-2019-2020\/","title":{"rendered":"D\u00eda de la Paz 2020"},"content":{"rendered":"<p style=\"text-align: justify;\"><img loading=\"lazy\" class=\" wp-image-1685 alignleft\" src=\"https:\/\/cpcascante.educacion.navarra.es\/web1\/wp-content\/uploads\/2020\/02\/IMG20200130114007-scaled.jpg\" alt=\"\" width=\"327\" height=\"147\" srcset=\"https:\/\/cpcascante.educacion.navarra.es\/web1\/wp-content\/uploads\/2020\/02\/IMG20200130114007-scaled.jpg 2560w, https:\/\/cpcascante.educacion.navarra.es\/web1\/wp-content\/uploads\/2020\/02\/IMG20200130114007-300x135.jpg 300w, https:\/\/cpcascante.educacion.navarra.es\/web1\/wp-content\/uploads\/2020\/02\/IMG20200130114007-1024x461.jpg 1024w, https:\/\/cpcascante.educacion.navarra.es\/web1\/wp-content\/uploads\/2020\/02\/IMG20200130114007-768x346.jpg 768w, https:\/\/cpcascante.educacion.navarra.es\/web1\/wp-content\/uploads\/2020\/02\/IMG20200130114007-1536x691.jpg 1536w, https:\/\/cpcascante.educacion.navarra.es\/web1\/wp-content\/uploads\/2020\/02\/IMG20200130114007-2048x922.jpg 2048w\" sizes=\"(max-width: 327px) 100vw, 327px\" \/>El d\u00eda 30 de enero como todos los a\u00f1os celebramos el d\u00eda de la Paz con un acto simb\u00f3lico en el patio escolar. Este a\u00f1o hemos montado construido un gran coraz\u00f3n enmarcado con la huella de nuestras manos.<\/p>\n<p><img loading=\"lazy\" class=\"wp-image-1686 aligncenter\" src=\"https:\/\/cpcascante.educacion.navarra.es\/web1\/wp-content\/uploads\/2020\/02\/IMG20200130120127-scaled.jpg\" alt=\"\" width=\"502\" height=\"226\" srcset=\"https:\/\/cpcascante.educacion.navarra.es\/web1\/wp-content\/uploads\/2020\/02\/IMG20200130120127-scaled.jpg 2560w, https:\/\/cpcascante.educacion.navarra.es\/web1\/wp-content\/uploads\/2020\/02\/IMG20200130120127-300x135.jpg 300w, https:\/\/cpcascante.educacion.navarra.es\/web1\/wp-content\/uploads\/2020\/02\/IMG20200130120127-1024x461.jpg 1024w, https:\/\/cpcascante.educacion.navarra.es\/web1\/wp-content\/uploads\/2020\/02\/IMG20200130120127-768x346.jpg 768w, https:\/\/cpcascante.educacion.navarra.es\/web1\/wp-content\/uploads\/2020\/02\/IMG20200130120127-1536x691.jpg 1536w, https:\/\/cpcascante.educacion.navarra.es\/web1\/wp-content\/uploads\/2020\/02\/IMG20200130120127-2048x922.jpg 2048w\" sizes=\"(max-width: 502px) 100vw, 502px\" \/><\/p>\n<p>Luego el interior del coraz\u00f3n se completo con los lemas de Paz que cada clase hab\u00eda trabajado<\/p>\n<p><img loading=\"lazy\" class=\"wp-image-1687 alignleft\" src=\"https:\/\/cpcascante.educacion.navarra.es\/web1\/wp-content\/uploads\/2020\/02\/SAM_7620.redimensionado.jpg\" alt=\"\" width=\"272\" height=\"153\" srcset=\"https:\/\/cpcascante.educacion.navarra.es\/web1\/wp-content\/uploads\/2020\/02\/SAM_7620.redimensionado.jpg 1472w, https:\/\/cpcascante.educacion.navarra.es\/web1\/wp-content\/uploads\/2020\/02\/SAM_7620.redimensionado-300x169.jpg 300w, https:\/\/cpcascante.educacion.navarra.es\/web1\/wp-content\/uploads\/2020\/02\/SAM_7620.redimensionado-1024x576.jpg 1024w, https:\/\/cpcascante.educacion.navarra.es\/web1\/wp-content\/uploads\/2020\/02\/SAM_7620.redimensionado-768x432.jpg 768w\" sizes=\"(max-width: 272px) 100vw, 272px\" \/><img loading=\"lazy\" class=\"wp-image-1688 alignright\" src=\"https:\/\/cpcascante.educacion.navarra.es\/web1\/wp-content\/uploads\/2020\/02\/SAM_7612.redimensionado.jpg\" alt=\"\" width=\"262\" height=\"147\" srcset=\"https:\/\/cpcascante.educacion.navarra.es\/web1\/wp-content\/uploads\/2020\/02\/SAM_7612.redimensionado.jpg 1472w, https:\/\/cpcascante.educacion.navarra.es\/web1\/wp-content\/uploads\/2020\/02\/SAM_7612.redimensionado-300x169.jpg 300w, https:\/\/cpcascante.educacion.navarra.es\/web1\/wp-content\/uploads\/2020\/02\/SAM_7612.redimensionado-1024x576.jpg 1024w, https:\/\/cpcascante.educacion.navarra.es\/web1\/wp-content\/uploads\/2020\/02\/SAM_7612.redimensionado-768x432.jpg 768w\" sizes=\"(max-width: 262px) 100vw, 262px\" \/><\/p>\n<p><img loading=\"lazy\" class=\"aligncenter size-full wp-image-1689\" src=\"https:\/\/cpcascante.educacion.navarra.es\/web1\/wp-content\/uploads\/2020\/02\/IMG20200130135504-scaled.jpg\" alt=\"\" width=\"2560\" height=\"1152\" srcset=\"https:\/\/cpcascante.educacion.navarra.es\/web1\/wp-content\/uploads\/2020\/02\/IMG20200130135504-scaled.jpg 2560w, https:\/\/cpcascante.educacion.navarra.es\/web1\/wp-content\/uploads\/2020\/02\/IMG20200130135504-300x135.jpg 300w, https:\/\/cpcascante.educacion.navarra.es\/web1\/wp-content\/uploads\/2020\/02\/IMG20200130135504-1024x461.jpg 1024w, https:\/\/cpcascante.educacion.navarra.es\/web1\/wp-content\/uploads\/2020\/02\/IMG20200130135504-768x346.jpg 768w, https:\/\/cpcascante.educacion.navarra.es\/web1\/wp-content\/uploads\/2020\/02\/IMG20200130135504-1536x691.jpg 1536w, https:\/\/cpcascante.educacion.navarra.es\/web1\/wp-content\/uploads\/2020\/02\/IMG20200130135504-2048x922.jpg 2048w\" sizes=\"(max-width: 2560px) 100vw, 2560px\" \/><\/p>\n<p style=\"text-align: left;\">Terminamos el acto cantando y bailando la canci\u00f3n elegida.<\/p>\n<p><img loading=\"lazy\" class=\"size-full wp-image-1690\" src=\"https:\/\/cpcascante.educacion.navarra.es\/web1\/wp-content\/uploads\/2020\/02\/SAM_7670.redimensionado.jpg\" alt=\"\" width=\"1472\" height=\"828\" srcset=\"https:\/\/cpcascante.educacion.navarra.es\/web1\/wp-content\/uploads\/2020\/02\/SAM_7670.redimensionado.jpg 1472w, https:\/\/cpcascante.educacion.navarra.es\/web1\/wp-content\/uploads\/2020\/02\/SAM_7670.redimensionado-300x169.jpg 300w, https:\/\/cpcascante.educacion.navarra.es\/web1\/wp-content\/uploads\/2020\/02\/SAM_7670.redimensionado-1024x576.jpg 1024w, https:\/\/cpcascante.educacion.navarra.es\/web1\/wp-content\/uploads\/2020\/02\/SAM_7670.redimensionado-768x432.jpg 768w\" sizes=\"(max-width: 1472px) 100vw, 1472px\" \/><\/p>\n<p><a href=\"https:\/\/photos.app.goo.gl\/x2Ls8w9hnkY1vAhQ7\" target=\"_blank\" rel=\"noopener noreferrer\">TODAS LAS IM\u00c1GENES<\/a><\/p>\n<p>&nbsp;<\/p>\n<p>&nbsp;<\/p>\n<p>&nbsp;<\/p>\n<p>&nbsp;<\/p>\n<p>&nbsp;<\/p>\n","protected":false},"excerpt":{"rendered":"<p>El d\u00eda 30 de enero como todos los a\u00f1os celebramos el d\u00eda de la Paz con un acto simb\u00f3lico en el patio escolar. Este a\u00f1o hemos montado construido un gran coraz\u00f3n enmarcado con la huella de nuestras manos. Luego el interior del coraz\u00f3n se completo con los lemas de Paz que cada clase hab\u00eda trabajado [&hellip;]<\/p>\n","protected":false},"author":1,"featured_media":0,"parent":633,"menu_order":0,"comment_status":"closed","ping_status":"closed","template":"","meta":{"_genesis_hide_title":false,"_genesis_hide_breadcrumbs":false,"_genesis_hide_singular_image":false,"_genesis_hide_footer_widgets":false,"_genesis_custom_body_class":"","_genesis_custom_post_class":"","_genesis_layout":""},"_links":{"self":[{"href":"https:\/\/cpcascante.educacion.navarra.es\/web1\/wp-json\/wp\/v2\/pages\/1684"}],"collection":[{"href":"https:\/\/cpcascante.educacion.navarra.es\/web1\/wp-json\/wp\/v2\/pages"}],"about":[{"href":"https:\/\/cpcascante.educacion.navarra.es\/web1\/wp-json\/wp\/v2\/types\/page"}],"author":[{"embeddable":true,"href":"https:\/\/cpcascante.educacion.navarra.es\/web1\/wp-json\/wp\/v2\/users\/1"}],"replies":[{"embeddable":true,"href":"https:\/\/cpcascante.educacion.navarra.es\/web1\/wp-json\/wp\/v2\/comments?post=1684"}],"version-history":[{"count":6,"href":"https:\/\/cpcascante.educacion.navarra.es\/web1\/wp-json\/wp\/v2\/pages\/1684\/revisions"}],"predecessor-version":[{"id":1704,"href":"https:\/\/cpcascante.educacion.navarra.es\/web1\/wp-json\/wp\/v2\/pages\/1684\/revisions\/1704"}],"up":[{"embeddable":true,"href":"https:\/\/cpcascante.educacion.navarra.es\/web1\/wp-json\/wp\/v2\/pages\/633"}],"wp:attachment":[{"href":"https:\/\/cpcascante.educacion.navarra.es\/web1\/wp-json\/wp\/v2\/media?parent=1684"}],"curies":[{"name":"wp","href":"https:\/\/api.w.org\/{rel}","templated":true}]}}