{"id":1616,"date":"2019-06-24T16:47:38","date_gmt":"2019-06-24T14:47:38","guid":{"rendered":"https:\/\/cpcascante.educacion.navarra.es\/web1\/?page_id=1616"},"modified":"2019-06-25T17:35:36","modified_gmt":"2019-06-25T15:35:36","slug":"fiesta-fin-de-curso-2018-2019","status":"publish","type":"page","link":"https:\/\/cpcascante.educacion.navarra.es\/web1\/actividades-de-centro-primaria\/fiesta-fin-de-curso-2018-2019\/","title":{"rendered":"Fiesta Fin de Curso 2018-2019"},"content":{"rendered":"<p style=\"text-align: justify;\">Un a\u00f1o m\u00e1s el curso llega a su fin con uno de los d\u00edas m\u00e1s esperados la Fiesta Final. Este a\u00f1o el alumnado de infantil y primaria lo ha celebrado de distinta manera.<\/p>\n<p style=\"text-align: justify;\">El d\u00eda comenzo entregando los premios al alumnado de 5\u00ba y 6\u00ba sobre los carteles del d\u00eda mundial sin tabaco, organizado por el Centro de Salud y Ayuntamiento, con la colaboraci\u00f3n del colegio.<\/p>\n<p><img loading=\"lazy\" class=\"wp-image-1621 aligncenter\" src=\"https:\/\/cpcascante.educacion.navarra.es\/web1\/wp-content\/uploads\/2019\/06\/premios-tabaco.jpg\" alt=\"\" width=\"632\" height=\"454\" srcset=\"https:\/\/cpcascante.educacion.navarra.es\/web1\/wp-content\/uploads\/2019\/06\/premios-tabaco.jpg 1316w, https:\/\/cpcascante.educacion.navarra.es\/web1\/wp-content\/uploads\/2019\/06\/premios-tabaco-300x216.jpg 300w, https:\/\/cpcascante.educacion.navarra.es\/web1\/wp-content\/uploads\/2019\/06\/premios-tabaco-768x552.jpg 768w, https:\/\/cpcascante.educacion.navarra.es\/web1\/wp-content\/uploads\/2019\/06\/premios-tabaco-1024x736.jpg 1024w\" sizes=\"(max-width: 632px) 100vw, 632px\" \/><\/p>\n<p style=\"text-align: justify;\">Los ni\u00f1os y ni\u00f1as de infantil han podido disfrutar de un espect\u00e1culo basado en el circo en el que han jugado, han bailado y se lo han pasado genial.<\/p>\n<p style=\"text-align: justify;\">Por otra parte el alumnado de primaria ha tenido su fieta en el termol\u00fadico de Cascante, donde se han realizado varios juegos y actividades tanto de agua como en tierrra. Las actividades se han desarrollado en tres zonas en las que se han ido rotando,as\u00ed todo el alumnado ha podido realizar todas las actividades programadas.<\/p>\n<p><img loading=\"lazy\" class=\"wp-image-1622 aligncenter\" src=\"https:\/\/cpcascante.educacion.navarra.es\/web1\/wp-content\/uploads\/2019\/06\/IMG_20190621_110132_BURST001_COVER.jpg\" alt=\"\" width=\"538\" height=\"304\" srcset=\"https:\/\/cpcascante.educacion.navarra.es\/web1\/wp-content\/uploads\/2019\/06\/IMG_20190621_110132_BURST001_COVER.jpg 2232w, https:\/\/cpcascante.educacion.navarra.es\/web1\/wp-content\/uploads\/2019\/06\/IMG_20190621_110132_BURST001_COVER-300x169.jpg 300w, https:\/\/cpcascante.educacion.navarra.es\/web1\/wp-content\/uploads\/2019\/06\/IMG_20190621_110132_BURST001_COVER-768x434.jpg 768w, https:\/\/cpcascante.educacion.navarra.es\/web1\/wp-content\/uploads\/2019\/06\/IMG_20190621_110132_BURST001_COVER-1024x578.jpg 1024w\" sizes=\"(max-width: 538px) 100vw, 538px\" \/><\/p>\n<p><img loading=\"lazy\" class=\"wp-image-1623 aligncenter\" src=\"https:\/\/cpcascante.educacion.navarra.es\/web1\/wp-content\/uploads\/2019\/06\/IMG_20190621_114246.jpg\" alt=\"\" width=\"532\" height=\"300\" srcset=\"https:\/\/cpcascante.educacion.navarra.es\/web1\/wp-content\/uploads\/2019\/06\/IMG_20190621_114246.jpg 2232w, https:\/\/cpcascante.educacion.navarra.es\/web1\/wp-content\/uploads\/2019\/06\/IMG_20190621_114246-300x169.jpg 300w, https:\/\/cpcascante.educacion.navarra.es\/web1\/wp-content\/uploads\/2019\/06\/IMG_20190621_114246-768x434.jpg 768w, https:\/\/cpcascante.educacion.navarra.es\/web1\/wp-content\/uploads\/2019\/06\/IMG_20190621_114246-1024x578.jpg 1024w\" sizes=\"(max-width: 532px) 100vw, 532px\" \/><\/p>\n<p style=\"text-align: justify;\">Para terminar el d\u00eda la APYMA del centro ha organiado la ya tradicional comida\u00a0 para alumnado familias y profesorado en la que el alumnado de 6\u00ba se despide delcolegio con la fiesta de graduaci\u00f3n y los posteriores hinchables y juegos varios, as\u00ed como el sorteo dela bici entre el alumnado participante en \u00abAL COLE EN BICI\u00bb.<\/p>\n<p><img loading=\"lazy\" class=\"size-full wp-image-1624\" src=\"https:\/\/cpcascante.educacion.navarra.es\/web1\/wp-content\/uploads\/2019\/06\/IMG_20190621_170534.jpg\" alt=\"\" width=\"2232\" height=\"1260\" srcset=\"https:\/\/cpcascante.educacion.navarra.es\/web1\/wp-content\/uploads\/2019\/06\/IMG_20190621_170534.jpg 2232w, https:\/\/cpcascante.educacion.navarra.es\/web1\/wp-content\/uploads\/2019\/06\/IMG_20190621_170534-300x169.jpg 300w, https:\/\/cpcascante.educacion.navarra.es\/web1\/wp-content\/uploads\/2019\/06\/IMG_20190621_170534-768x434.jpg 768w, https:\/\/cpcascante.educacion.navarra.es\/web1\/wp-content\/uploads\/2019\/06\/IMG_20190621_170534-1024x578.jpg 1024w\" sizes=\"(max-width: 2232px) 100vw, 2232px\" \/><\/p>\n<p><img loading=\"lazy\" class=\"size-full wp-image-1625\" src=\"https:\/\/cpcascante.educacion.navarra.es\/web1\/wp-content\/uploads\/2019\/06\/IMG_20190621_173546.jpg\" alt=\"\" width=\"2232\" height=\"1260\" srcset=\"https:\/\/cpcascante.educacion.navarra.es\/web1\/wp-content\/uploads\/2019\/06\/IMG_20190621_173546.jpg 2232w, https:\/\/cpcascante.educacion.navarra.es\/web1\/wp-content\/uploads\/2019\/06\/IMG_20190621_173546-300x169.jpg 300w, https:\/\/cpcascante.educacion.navarra.es\/web1\/wp-content\/uploads\/2019\/06\/IMG_20190621_173546-768x434.jpg 768w, https:\/\/cpcascante.educacion.navarra.es\/web1\/wp-content\/uploads\/2019\/06\/IMG_20190621_173546-1024x578.jpg 1024w\" sizes=\"(max-width: 2232px) 100vw, 2232px\" \/><\/p>\n<p>&nbsp;<\/p>\n","protected":false},"excerpt":{"rendered":"<p>Un a\u00f1o m\u00e1s el curso llega a su fin con uno de los d\u00edas m\u00e1s esperados la Fiesta Final. Este a\u00f1o el alumnado de infantil y primaria lo ha celebrado de distinta manera. El d\u00eda comenzo entregando los premios al alumnado de 5\u00ba y 6\u00ba sobre los carteles del d\u00eda mundial sin tabaco, organizado por [&hellip;]<\/p>\n","protected":false},"author":1,"featured_media":0,"parent":633,"menu_order":0,"comment_status":"closed","ping_status":"closed","template":"","meta":{"_genesis_hide_title":false,"_genesis_hide_breadcrumbs":false,"_genesis_hide_singular_image":false,"_genesis_hide_footer_widgets":false,"_genesis_custom_body_class":"","_genesis_custom_post_class":"","_genesis_layout":""},"_links":{"self":[{"href":"https:\/\/cpcascante.educacion.navarra.es\/web1\/wp-json\/wp\/v2\/pages\/1616"}],"collection":[{"href":"https:\/\/cpcascante.educacion.navarra.es\/web1\/wp-json\/wp\/v2\/pages"}],"about":[{"href":"https:\/\/cpcascante.educacion.navarra.es\/web1\/wp-json\/wp\/v2\/types\/page"}],"author":[{"embeddable":true,"href":"https:\/\/cpcascante.educacion.navarra.es\/web1\/wp-json\/wp\/v2\/users\/1"}],"replies":[{"embeddable":true,"href":"https:\/\/cpcascante.educacion.navarra.es\/web1\/wp-json\/wp\/v2\/comments?post=1616"}],"version-history":[{"count":5,"href":"https:\/\/cpcascante.educacion.navarra.es\/web1\/wp-json\/wp\/v2\/pages\/1616\/revisions"}],"predecessor-version":[{"id":1629,"href":"https:\/\/cpcascante.educacion.navarra.es\/web1\/wp-json\/wp\/v2\/pages\/1616\/revisions\/1629"}],"up":[{"embeddable":true,"href":"https:\/\/cpcascante.educacion.navarra.es\/web1\/wp-json\/wp\/v2\/pages\/633"}],"wp:attachment":[{"href":"https:\/\/cpcascante.educacion.navarra.es\/web1\/wp-json\/wp\/v2\/media?parent=1616"}],"curies":[{"name":"wp","href":"https:\/\/api.w.org\/{rel}","templated":true}]}}