{"id":1598,"date":"2019-06-19T18:35:14","date_gmt":"2019-06-19T16:35:14","guid":{"rendered":"https:\/\/cpcascante.educacion.navarra.es\/web1\/?page_id=1598"},"modified":"2019-06-19T18:37:40","modified_gmt":"2019-06-19T16:37:40","slug":"talleres-de-energia-ensena-experimentando","status":"publish","type":"page","link":"https:\/\/cpcascante.educacion.navarra.es\/web1\/actividades-de-centro-primaria\/talleres-de-energia-ensena-experimentando\/","title":{"rendered":"Talleres de Energ\u00eda: ense\u00f1a experimentando"},"content":{"rendered":"<p style=\"text-align: justify;\"><img loading=\"lazy\" class=\"wp-image-1600 alignleft\" src=\"https:\/\/cpcascante.educacion.navarra.es\/web1\/wp-content\/uploads\/2019\/06\/TALLERES-ENERGIA-2019-3.jpg\" alt=\"\" width=\"278\" height=\"209\" srcset=\"https:\/\/cpcascante.educacion.navarra.es\/web1\/wp-content\/uploads\/2019\/06\/TALLERES-ENERGIA-2019-3.jpg 1600w, https:\/\/cpcascante.educacion.navarra.es\/web1\/wp-content\/uploads\/2019\/06\/TALLERES-ENERGIA-2019-3-300x225.jpg 300w, https:\/\/cpcascante.educacion.navarra.es\/web1\/wp-content\/uploads\/2019\/06\/TALLERES-ENERGIA-2019-3-768x576.jpg 768w, https:\/\/cpcascante.educacion.navarra.es\/web1\/wp-content\/uploads\/2019\/06\/TALLERES-ENERGIA-2019-3-1024x768.jpg 1024w\" sizes=\"(max-width: 278px) 100vw, 278px\" \/>El pasado mes de mayo, el alumnado de 4\u00ba de Primaria particip\u00f3 en un taller de energ\u00eda con una duraci\u00f3n de dos horas, impartido por \u00abEDP me atrevo a ser voluntario\u00bb<\/p>\n<p style=\"text-align: justify;\">El taller consisti\u00f3 en la realizaci\u00f3n de dos experimentos. En el primero, el alumnado, deb\u00edan construir con diferentes materiales (cajas, cables, pilas, bombillas, portal\u00e1mparas&#8230;) un juego de preguntas y respuestas.<\/p>\n<p style=\"text-align: justify;\">En el segundo, construyeron un \u00abcoche a propulsi\u00f3n\u00bb con diferentes materiales reciclados (botella de pl\u00e1stico, tapones, pajitas, globos&#8230;)<\/p>\n<p><img loading=\"lazy\" class=\"wp-image-1603 alignleft\" src=\"https:\/\/cpcascante.educacion.navarra.es\/web1\/wp-content\/uploads\/2019\/06\/TALLERES-ENERGIA-2019-12.jpg\" alt=\"\" width=\"269\" height=\"202\" srcset=\"https:\/\/cpcascante.educacion.navarra.es\/web1\/wp-content\/uploads\/2019\/06\/TALLERES-ENERGIA-2019-12.jpg 1600w, https:\/\/cpcascante.educacion.navarra.es\/web1\/wp-content\/uploads\/2019\/06\/TALLERES-ENERGIA-2019-12-300x225.jpg 300w, https:\/\/cpcascante.educacion.navarra.es\/web1\/wp-content\/uploads\/2019\/06\/TALLERES-ENERGIA-2019-12-768x576.jpg 768w, https:\/\/cpcascante.educacion.navarra.es\/web1\/wp-content\/uploads\/2019\/06\/TALLERES-ENERGIA-2019-12-1024x768.jpg 1024w\" sizes=\"(max-width: 269px) 100vw, 269px\" \/><\/p>\n<p><img loading=\"lazy\" class=\"wp-image-1602 alignright\" src=\"https:\/\/cpcascante.educacion.navarra.es\/web1\/wp-content\/uploads\/2019\/06\/TALLERES-ENERGIA-2019-7.jpg\" alt=\"\" width=\"265\" height=\"199\" srcset=\"https:\/\/cpcascante.educacion.navarra.es\/web1\/wp-content\/uploads\/2019\/06\/TALLERES-ENERGIA-2019-7.jpg 1600w, https:\/\/cpcascante.educacion.navarra.es\/web1\/wp-content\/uploads\/2019\/06\/TALLERES-ENERGIA-2019-7-300x225.jpg 300w, https:\/\/cpcascante.educacion.navarra.es\/web1\/wp-content\/uploads\/2019\/06\/TALLERES-ENERGIA-2019-7-768x576.jpg 768w, https:\/\/cpcascante.educacion.navarra.es\/web1\/wp-content\/uploads\/2019\/06\/TALLERES-ENERGIA-2019-7-1024x768.jpg 1024w\" sizes=\"(max-width: 265px) 100vw, 265px\" \/><\/p>\n<p>&nbsp;<\/p>\n<p>&nbsp;<\/p>\n<p>&nbsp;<\/p>\n<p>&nbsp;<\/p>\n<p>&nbsp;<\/p>\n<p><img loading=\"lazy\" class=\"aligncenter size-full wp-image-1604\" src=\"https:\/\/cpcascante.educacion.navarra.es\/web1\/wp-content\/uploads\/2019\/06\/TALLERES-ENERGIA-2019-14.jpg\" alt=\"\" width=\"1600\" height=\"1200\" srcset=\"https:\/\/cpcascante.educacion.navarra.es\/web1\/wp-content\/uploads\/2019\/06\/TALLERES-ENERGIA-2019-14.jpg 1600w, https:\/\/cpcascante.educacion.navarra.es\/web1\/wp-content\/uploads\/2019\/06\/TALLERES-ENERGIA-2019-14-300x225.jpg 300w, https:\/\/cpcascante.educacion.navarra.es\/web1\/wp-content\/uploads\/2019\/06\/TALLERES-ENERGIA-2019-14-768x576.jpg 768w, https:\/\/cpcascante.educacion.navarra.es\/web1\/wp-content\/uploads\/2019\/06\/TALLERES-ENERGIA-2019-14-1024x768.jpg 1024w\" sizes=\"(max-width: 1600px) 100vw, 1600px\" \/> <img loading=\"lazy\" class=\"aligncenter size-full wp-image-1601\" src=\"https:\/\/cpcascante.educacion.navarra.es\/web1\/wp-content\/uploads\/2019\/06\/TALLERES-ENERGIA-2019-5.jpg\" alt=\"\" width=\"1600\" height=\"1200\" srcset=\"https:\/\/cpcascante.educacion.navarra.es\/web1\/wp-content\/uploads\/2019\/06\/TALLERES-ENERGIA-2019-5.jpg 1600w, https:\/\/cpcascante.educacion.navarra.es\/web1\/wp-content\/uploads\/2019\/06\/TALLERES-ENERGIA-2019-5-300x225.jpg 300w, https:\/\/cpcascante.educacion.navarra.es\/web1\/wp-content\/uploads\/2019\/06\/TALLERES-ENERGIA-2019-5-768x576.jpg 768w, https:\/\/cpcascante.educacion.navarra.es\/web1\/wp-content\/uploads\/2019\/06\/TALLERES-ENERGIA-2019-5-1024x768.jpg 1024w\" sizes=\"(max-width: 1600px) 100vw, 1600px\" \/><\/p>\n<p style=\"text-align: justify;\">Estos talleres tambi\u00e9n se realizaron con el alumnado de 1\u00ba y 3\u00ba de Primaria.<\/p>\n<p>&nbsp;<\/p>\n<p>&nbsp;<\/p>\n","protected":false},"excerpt":{"rendered":"<p>El pasado mes de mayo, el alumnado de 4\u00ba de Primaria particip\u00f3 en un taller de energ\u00eda con una duraci\u00f3n de dos horas, impartido por \u00abEDP me atrevo a ser voluntario\u00bb El taller consisti\u00f3 en la realizaci\u00f3n de dos experimentos. En el primero, el alumnado, deb\u00edan construir con diferentes materiales (cajas, cables, pilas, bombillas, portal\u00e1mparas&#8230;) [&hellip;]<\/p>\n","protected":false},"author":1,"featured_media":0,"parent":633,"menu_order":0,"comment_status":"closed","ping_status":"closed","template":"","meta":{"_genesis_hide_title":false,"_genesis_hide_breadcrumbs":false,"_genesis_hide_singular_image":false,"_genesis_hide_footer_widgets":false,"_genesis_custom_body_class":"","_genesis_custom_post_class":"","_genesis_layout":""},"_links":{"self":[{"href":"https:\/\/cpcascante.educacion.navarra.es\/web1\/wp-json\/wp\/v2\/pages\/1598"}],"collection":[{"href":"https:\/\/cpcascante.educacion.navarra.es\/web1\/wp-json\/wp\/v2\/pages"}],"about":[{"href":"https:\/\/cpcascante.educacion.navarra.es\/web1\/wp-json\/wp\/v2\/types\/page"}],"author":[{"embeddable":true,"href":"https:\/\/cpcascante.educacion.navarra.es\/web1\/wp-json\/wp\/v2\/users\/1"}],"replies":[{"embeddable":true,"href":"https:\/\/cpcascante.educacion.navarra.es\/web1\/wp-json\/wp\/v2\/comments?post=1598"}],"version-history":[{"count":3,"href":"https:\/\/cpcascante.educacion.navarra.es\/web1\/wp-json\/wp\/v2\/pages\/1598\/revisions"}],"predecessor-version":[{"id":1609,"href":"https:\/\/cpcascante.educacion.navarra.es\/web1\/wp-json\/wp\/v2\/pages\/1598\/revisions\/1609"}],"up":[{"embeddable":true,"href":"https:\/\/cpcascante.educacion.navarra.es\/web1\/wp-json\/wp\/v2\/pages\/633"}],"wp:attachment":[{"href":"https:\/\/cpcascante.educacion.navarra.es\/web1\/wp-json\/wp\/v2\/media?parent=1598"}],"curies":[{"name":"wp","href":"https:\/\/api.w.org\/{rel}","templated":true}]}}