{"id":1564,"date":"2019-05-16T17:03:38","date_gmt":"2019-05-16T15:03:38","guid":{"rendered":"https:\/\/cpcascante.educacion.navarra.es\/web1\/?page_id=1564"},"modified":"2019-05-16T17:05:30","modified_gmt":"2019-05-16T15:05:30","slug":"premios-del-concurso-de-microrelatos-en-euskera","status":"publish","type":"page","link":"https:\/\/cpcascante.educacion.navarra.es\/web1\/concursos-y-premios\/premios-del-concurso-de-microrelatos-en-euskera\/","title":{"rendered":"Premios del Concurso de Microrelatos en Euskera"},"content":{"rendered":"<p><img loading=\"lazy\" class=\"wp-image-1565 alignleft\" src=\"https:\/\/cpcascante.educacion.navarra.es\/web1\/wp-content\/uploads\/2019\/05\/IMG-20190510-WA0002.jpg\" alt=\"\" width=\"135\" height=\"240\" srcset=\"https:\/\/cpcascante.educacion.navarra.es\/web1\/wp-content\/uploads\/2019\/05\/IMG-20190510-WA0002.jpg 720w, https:\/\/cpcascante.educacion.navarra.es\/web1\/wp-content\/uploads\/2019\/05\/IMG-20190510-WA0002-169x300.jpg 169w, https:\/\/cpcascante.educacion.navarra.es\/web1\/wp-content\/uploads\/2019\/05\/IMG-20190510-WA0002-576x1024.jpg 576w\" sizes=\"(max-width: 135px) 100vw, 135px\" \/><\/p>\n<p style=\"text-align: justify;\">El alumno Iker Ruiz, de 6\u00ba de primaria, result\u00f3 premiado con un Accesit de Honor (2\u00ba premio) en el Concurso de Microrrelatos en Euskera organizado por la editorial Pamiela<\/p>\n<p style=\"text-align: justify;\">El premiado recibi\u00f3 un lote de libros en un acto al que asisti\u00f3 como invitado de honor el bertsolari Sustrai Colina. El trabajo del aluno ser\u00e1 publicado junto con las dem\u00e1s obras premiadas en un libro que se presentar\u00e1 en junio en la Feria del Libro de Durango<\/p>\n<p style=\"text-align: justify;\">\u00a1Felicidades ZORIONAK!<\/p>\n<p style=\"text-align: justify;\">\u00a0<\/p>\n<p><img loading=\"lazy\" class=\"wp-image-1566 alignleft\" src=\"https:\/\/cpcascante.educacion.navarra.es\/web1\/wp-content\/uploads\/2019\/05\/IMG-20190510-WA0004.jpg\" alt=\"\" width=\"270\" height=\"152\" srcset=\"https:\/\/cpcascante.educacion.navarra.es\/web1\/wp-content\/uploads\/2019\/05\/IMG-20190510-WA0004.jpg 1599w, https:\/\/cpcascante.educacion.navarra.es\/web1\/wp-content\/uploads\/2019\/05\/IMG-20190510-WA0004-300x169.jpg 300w, https:\/\/cpcascante.educacion.navarra.es\/web1\/wp-content\/uploads\/2019\/05\/IMG-20190510-WA0004-768x432.jpg 768w, https:\/\/cpcascante.educacion.navarra.es\/web1\/wp-content\/uploads\/2019\/05\/IMG-20190510-WA0004-1024x576.jpg 1024w\" sizes=\"(max-width: 270px) 100vw, 270px\" \/> <img loading=\"lazy\" class=\"wp-image-1567 alignleft\" src=\"https:\/\/cpcascante.educacion.navarra.es\/web1\/wp-content\/uploads\/2019\/05\/IMG-20190510-WA0005.jpg\" alt=\"\" width=\"270\" height=\"152\" srcset=\"https:\/\/cpcascante.educacion.navarra.es\/web1\/wp-content\/uploads\/2019\/05\/IMG-20190510-WA0005.jpg 1599w, https:\/\/cpcascante.educacion.navarra.es\/web1\/wp-content\/uploads\/2019\/05\/IMG-20190510-WA0005-300x169.jpg 300w, https:\/\/cpcascante.educacion.navarra.es\/web1\/wp-content\/uploads\/2019\/05\/IMG-20190510-WA0005-768x432.jpg 768w, https:\/\/cpcascante.educacion.navarra.es\/web1\/wp-content\/uploads\/2019\/05\/IMG-20190510-WA0005-1024x576.jpg 1024w\" sizes=\"(max-width: 270px) 100vw, 270px\" \/><\/p>\n<p>&nbsp;<\/p>\n","protected":false},"excerpt":{"rendered":"<p>El alumno Iker Ruiz, de 6\u00ba de primaria, result\u00f3 premiado con un Accesit de Honor (2\u00ba premio) en el Concurso de Microrrelatos en Euskera organizado por la editorial Pamiela El premiado recibi\u00f3 un lote de libros en un acto al que asisti\u00f3 como invitado de honor el bertsolari Sustrai Colina. El trabajo del aluno ser\u00e1 [&hellip;]<\/p>\n","protected":false},"author":1,"featured_media":0,"parent":1562,"menu_order":0,"comment_status":"closed","ping_status":"closed","template":"","meta":{"_genesis_hide_title":false,"_genesis_hide_breadcrumbs":false,"_genesis_hide_singular_image":false,"_genesis_hide_footer_widgets":false,"_genesis_custom_body_class":"","_genesis_custom_post_class":"","_genesis_layout":""},"_links":{"self":[{"href":"https:\/\/cpcascante.educacion.navarra.es\/web1\/wp-json\/wp\/v2\/pages\/1564"}],"collection":[{"href":"https:\/\/cpcascante.educacion.navarra.es\/web1\/wp-json\/wp\/v2\/pages"}],"about":[{"href":"https:\/\/cpcascante.educacion.navarra.es\/web1\/wp-json\/wp\/v2\/types\/page"}],"author":[{"embeddable":true,"href":"https:\/\/cpcascante.educacion.navarra.es\/web1\/wp-json\/wp\/v2\/users\/1"}],"replies":[{"embeddable":true,"href":"https:\/\/cpcascante.educacion.navarra.es\/web1\/wp-json\/wp\/v2\/comments?post=1564"}],"version-history":[{"count":4,"href":"https:\/\/cpcascante.educacion.navarra.es\/web1\/wp-json\/wp\/v2\/pages\/1564\/revisions"}],"predecessor-version":[{"id":1571,"href":"https:\/\/cpcascante.educacion.navarra.es\/web1\/wp-json\/wp\/v2\/pages\/1564\/revisions\/1571"}],"up":[{"embeddable":true,"href":"https:\/\/cpcascante.educacion.navarra.es\/web1\/wp-json\/wp\/v2\/pages\/1562"}],"wp:attachment":[{"href":"https:\/\/cpcascante.educacion.navarra.es\/web1\/wp-json\/wp\/v2\/media?parent=1564"}],"curies":[{"name":"wp","href":"https:\/\/api.w.org\/{rel}","templated":true}]}}