{"id":1339,"date":"2018-02-11T19:31:34","date_gmt":"2018-02-11T18:31:34","guid":{"rendered":"http:\/\/cpcascante.educacion.navarra.es\/web1\/?page_id=1339"},"modified":"2018-02-23T16:44:29","modified_gmt":"2018-02-23T15:44:29","slug":"semana-blanca-17-18","status":"publish","type":"page","link":"https:\/\/cpcascante.educacion.navarra.es\/web1\/actividades-de-centro-primaria\/semana-blanca-17-18\/","title":{"rendered":"Semana Blanca 17-18"},"content":{"rendered":"<p style=\"text-align: center;\"><strong><u><span style=\"font-size: 18pt; color: #3366ff;\">NUESTRA SEMANA EN LA NIEVE<\/span><br \/>\n<\/u><\/strong><\/p>\n<p style=\"text-align: justify;\">La semana del 4 al 9 de febrero, nosotros, los alumnos de 6\u00ba de primaria disfrutamos de unos d\u00edas en Ochagav\u00eda haciendo esqu\u00ed y otras actividades muy divertidas.<\/p>\n<p style=\"text-align: justify;\">Nos lo pasamos genial esquiando. Adem\u00e1s, como durante esos d\u00edas en aquel lugar nev\u00f3 bastante, fue muy divertido hacer batallas de bolas de nieve en el pueblo y tirarnos por la nieve de las monta\u00f1as, porque \u00a1te hund\u00edas!.\u00a0 Para muchos de nosotros era la primera vez que nos pon\u00edamos unos esqu\u00eds y tuvimos la suerte de contar con unos monitores muy majos, que hicieron de nosotros unos grandes esquiadores.<\/p>\n<p style=\"text-align: justify;\">Por las tardes, en el pueblo, tambi\u00e9n hicimos actividades como juegos de carreras, muy divertidos; talleres de collares, donde nos lo pasamos genial pintando y dibujando; una visita al centro de interpretaci\u00f3n, donde aprendimos cosas muy interesantes sobre la flora y fauna de la Selva de Irati y por \u00faltimo, una fiesta con m\u00fasica, donde estuvimos bailando.<\/p>\n<p style=\"text-align: justify;\">Estas actividades, tambi\u00e9n fueron geniales y agotadoras.<\/p>\n<p style=\"text-align: justify;\">Tenemos que agradecer la hospitalidad de la gente del pueblo y de las familias que nos acogieron en sus viviendas.<\/p>\n<p style=\"text-align: justify;\">Fue una experiencia muy divertida e inolvidable, que no vamos a olvidar.<\/p>\n<p><a href=\"https:\/\/www.flickr.com\/photos\/139677338@N04\/albums\/72157663593126097\" target=\"_blank\" rel=\"noopener\">IM\u00c1GENES<\/a><\/p>\n","protected":false},"excerpt":{"rendered":"<p>NUESTRA SEMANA EN LA NIEVE La semana del 4 al 9 de febrero, nosotros, los alumnos de 6\u00ba de primaria disfrutamos de unos d\u00edas en Ochagav\u00eda haciendo esqu\u00ed y otras actividades muy divertidas. Nos lo pasamos genial esquiando. Adem\u00e1s, como durante esos d\u00edas en aquel lugar nev\u00f3 bastante, fue muy divertido hacer batallas de bolas [&hellip;]<\/p>\n","protected":false},"author":1,"featured_media":0,"parent":633,"menu_order":0,"comment_status":"closed","ping_status":"closed","template":"","meta":{"_genesis_hide_title":false,"_genesis_hide_breadcrumbs":false,"_genesis_hide_singular_image":false,"_genesis_hide_footer_widgets":false,"_genesis_custom_body_class":"","_genesis_custom_post_class":"","_genesis_layout":""},"_links":{"self":[{"href":"https:\/\/cpcascante.educacion.navarra.es\/web1\/wp-json\/wp\/v2\/pages\/1339"}],"collection":[{"href":"https:\/\/cpcascante.educacion.navarra.es\/web1\/wp-json\/wp\/v2\/pages"}],"about":[{"href":"https:\/\/cpcascante.educacion.navarra.es\/web1\/wp-json\/wp\/v2\/types\/page"}],"author":[{"embeddable":true,"href":"https:\/\/cpcascante.educacion.navarra.es\/web1\/wp-json\/wp\/v2\/users\/1"}],"replies":[{"embeddable":true,"href":"https:\/\/cpcascante.educacion.navarra.es\/web1\/wp-json\/wp\/v2\/comments?post=1339"}],"version-history":[{"count":3,"href":"https:\/\/cpcascante.educacion.navarra.es\/web1\/wp-json\/wp\/v2\/pages\/1339\/revisions"}],"predecessor-version":[{"id":1346,"href":"https:\/\/cpcascante.educacion.navarra.es\/web1\/wp-json\/wp\/v2\/pages\/1339\/revisions\/1346"}],"up":[{"embeddable":true,"href":"https:\/\/cpcascante.educacion.navarra.es\/web1\/wp-json\/wp\/v2\/pages\/633"}],"wp:attachment":[{"href":"https:\/\/cpcascante.educacion.navarra.es\/web1\/wp-json\/wp\/v2\/media?parent=1339"}],"curies":[{"name":"wp","href":"https:\/\/api.w.org\/{rel}","templated":true}]}}