{"id":1324,"date":"2018-02-02T15:41:14","date_gmt":"2018-02-02T14:41:14","guid":{"rendered":"http:\/\/cpcascante.educacion.navarra.es\/web1\/?page_id=1324"},"modified":"2018-02-03T13:26:15","modified_gmt":"2018-02-03T12:26:15","slug":"dia-de-la-paz-2018","status":"publish","type":"page","link":"https:\/\/cpcascante.educacion.navarra.es\/web1\/actividades-de-centro-primaria\/dia-de-la-paz-2018\/","title":{"rendered":"D\u00eda de la Paz 2018"},"content":{"rendered":"<p><img loading=\"lazy\" class=\"wp-image-1325 alignleft\" src=\"http:\/\/cpcascante.educacion.navarra.es\/web1\/wp-content\/uploads\/2018\/02\/IMG_20180130_133903-300x169.jpg\" alt=\"\" width=\"459\" height=\"258\" srcset=\"https:\/\/cpcascante.educacion.navarra.es\/web1\/wp-content\/uploads\/2018\/02\/IMG_20180130_133903-300x169.jpg 300w, https:\/\/cpcascante.educacion.navarra.es\/web1\/wp-content\/uploads\/2018\/02\/IMG_20180130_133903-768x434.jpg 768w, https:\/\/cpcascante.educacion.navarra.es\/web1\/wp-content\/uploads\/2018\/02\/IMG_20180130_133903-1024x578.jpg 1024w\" sizes=\"(max-width: 459px) 100vw, 459px\" \/><\/p>\n<p style=\"text-align: justify;\">El d\u00eda 30 de enero como todos los a\u00f1os celebramos el d\u00eda de la Paz con un acto simb\u00f3lico en el patio escolar. Este a\u00f1o hemos montado el HUERTO DE LA PAZ en el que cada clase ha elaborado una parte del huerto con una verdura determinada y ponendo un mensaje de PAZ<\/p>\n<p style=\"text-align: justify;\">Posteriormente se termin\u00f3 el acto con un rap preparado por el alumnado de 6\u00ba y con varias canciones relativas a la PAZ.<\/p>\n<p>&nbsp;<\/p>\n<p><a href=\"https:\/\/www.flickr.com\/photos\/139677338@N04\/albums\/72157669139701209\" target=\"_blank\" rel=\"noopener\">IM\u00c1GENES DEL D\u00cdA DE LA PAZ<\/a><\/p>\n<p>AQU\u00cd POD\u00c9IS VER EL VIDEO DEL ACTO<\/p>\n<p><iframe loading=\"lazy\" src=\"https:\/\/www.youtube.com\/embed\/uUKxvOZOTjc?rel=0&amp;showinfo=0\" width=\"660\" height=\"415\" frameborder=\"0\" allowfullscreen=\"allowfullscreen\"><\/iframe><\/p>\n<p>&nbsp;<\/p>\n","protected":false},"excerpt":{"rendered":"<p>El d\u00eda 30 de enero como todos los a\u00f1os celebramos el d\u00eda de la Paz con un acto simb\u00f3lico en el patio escolar. Este a\u00f1o hemos montado el HUERTO DE LA PAZ en el que cada clase ha elaborado una parte del huerto con una verdura determinada y ponendo un mensaje de PAZ Posteriormente se [&hellip;]<\/p>\n","protected":false},"author":1,"featured_media":0,"parent":633,"menu_order":0,"comment_status":"closed","ping_status":"closed","template":"","meta":{"_genesis_hide_title":false,"_genesis_hide_breadcrumbs":false,"_genesis_hide_singular_image":false,"_genesis_hide_footer_widgets":false,"_genesis_custom_body_class":"","_genesis_custom_post_class":"","_genesis_layout":""},"_links":{"self":[{"href":"https:\/\/cpcascante.educacion.navarra.es\/web1\/wp-json\/wp\/v2\/pages\/1324"}],"collection":[{"href":"https:\/\/cpcascante.educacion.navarra.es\/web1\/wp-json\/wp\/v2\/pages"}],"about":[{"href":"https:\/\/cpcascante.educacion.navarra.es\/web1\/wp-json\/wp\/v2\/types\/page"}],"author":[{"embeddable":true,"href":"https:\/\/cpcascante.educacion.navarra.es\/web1\/wp-json\/wp\/v2\/users\/1"}],"replies":[{"embeddable":true,"href":"https:\/\/cpcascante.educacion.navarra.es\/web1\/wp-json\/wp\/v2\/comments?post=1324"}],"version-history":[{"count":3,"href":"https:\/\/cpcascante.educacion.navarra.es\/web1\/wp-json\/wp\/v2\/pages\/1324\/revisions"}],"predecessor-version":[{"id":1337,"href":"https:\/\/cpcascante.educacion.navarra.es\/web1\/wp-json\/wp\/v2\/pages\/1324\/revisions\/1337"}],"up":[{"embeddable":true,"href":"https:\/\/cpcascante.educacion.navarra.es\/web1\/wp-json\/wp\/v2\/pages\/633"}],"wp:attachment":[{"href":"https:\/\/cpcascante.educacion.navarra.es\/web1\/wp-json\/wp\/v2\/media?parent=1324"}],"curies":[{"name":"wp","href":"https:\/\/api.w.org\/{rel}","templated":true}]}}