{"id":1100,"date":"2017-01-24T12:59:47","date_gmt":"2017-01-24T11:59:47","guid":{"rendered":"http:\/\/cpcascante.educacion.navarra.es\/web1\/?page_id=1100"},"modified":"2017-02-07T10:08:10","modified_gmt":"2017-02-07T09:08:10","slug":"visita-bodegas-malon-de-echaide","status":"publish","type":"page","link":"https:\/\/cpcascante.educacion.navarra.es\/web1\/actividades-de-centro-primaria\/visita-bodegas-malon-de-echaide\/","title":{"rendered":"Visita Bodegas Mal\u00f3n de Echaide"},"content":{"rendered":"<p>El pasado d\u00eda 19 de enero, el alumnado de 3\u00ba a 6\u00ba de primaria ha realizado una visita guiada \u00a0a las bodegas Mal\u00f3n de Echaide dentro del programa de la presentaci\u00f3n de sus nuevos vinos.<\/p>\n<p>En dicha visita se les explic\u00f3 el proceso de elaboraci\u00f3n del vino desde el momento en que reciben la uva reci\u00e9n cortada hasta su embotellamiento final.<\/p>\n<p>El alumnado pudo ver la zona de descarga de la uva, los dep\u00f3sitos m\u00e1s antiguos, los nuevos, la sala de barricas y la planta de embotellado, que en ese momento estaban etiquetando botellas de vino rosado<\/p>\n<p><img loading=\"lazy\" class=\"aligncenter wp-image-1101\" src=\"http:\/\/cpcascante.educacion.navarra.es\/web1\/wp-content\/uploads\/2017\/01\/P1190667-300x169.jpg\" width=\"500\" height=\"282\" srcset=\"https:\/\/cpcascante.educacion.navarra.es\/web1\/wp-content\/uploads\/2017\/01\/P1190667-300x169.jpg 300w, https:\/\/cpcascante.educacion.navarra.es\/web1\/wp-content\/uploads\/2017\/01\/P1190667-768x433.jpg 768w, https:\/\/cpcascante.educacion.navarra.es\/web1\/wp-content\/uploads\/2017\/01\/P1190667-1024x577.jpg 1024w\" sizes=\"(max-width: 500px) 100vw, 500px\" \/><\/p>\n<p>Si quer\u00e9is ver m\u00e1s im\u00e1genes haz click en el enlace <a href=\"https:\/\/www.flickr.com\/photos\/139677338@N04\/albums\/72157675814557054\" target=\"_blank\">IM\u00c1GENES<\/a><\/p>\n","protected":false},"excerpt":{"rendered":"<p>El pasado d\u00eda 19 de enero, el alumnado de 3\u00ba a 6\u00ba de primaria ha realizado una visita guiada \u00a0a las bodegas Mal\u00f3n de Echaide dentro del programa de la presentaci\u00f3n de sus nuevos vinos. En dicha visita se les explic\u00f3 el proceso de elaboraci\u00f3n del vino desde el momento en que reciben la uva [&hellip;]<\/p>\n","protected":false},"author":1,"featured_media":0,"parent":633,"menu_order":0,"comment_status":"closed","ping_status":"closed","template":"","meta":{"_genesis_hide_title":false,"_genesis_hide_breadcrumbs":false,"_genesis_hide_singular_image":false,"_genesis_hide_footer_widgets":false,"_genesis_custom_body_class":"","_genesis_custom_post_class":"","_genesis_layout":""},"_links":{"self":[{"href":"https:\/\/cpcascante.educacion.navarra.es\/web1\/wp-json\/wp\/v2\/pages\/1100"}],"collection":[{"href":"https:\/\/cpcascante.educacion.navarra.es\/web1\/wp-json\/wp\/v2\/pages"}],"about":[{"href":"https:\/\/cpcascante.educacion.navarra.es\/web1\/wp-json\/wp\/v2\/types\/page"}],"author":[{"embeddable":true,"href":"https:\/\/cpcascante.educacion.navarra.es\/web1\/wp-json\/wp\/v2\/users\/1"}],"replies":[{"embeddable":true,"href":"https:\/\/cpcascante.educacion.navarra.es\/web1\/wp-json\/wp\/v2\/comments?post=1100"}],"version-history":[{"count":2,"href":"https:\/\/cpcascante.educacion.navarra.es\/web1\/wp-json\/wp\/v2\/pages\/1100\/revisions"}],"predecessor-version":[{"id":1103,"href":"https:\/\/cpcascante.educacion.navarra.es\/web1\/wp-json\/wp\/v2\/pages\/1100\/revisions\/1103"}],"up":[{"embeddable":true,"href":"https:\/\/cpcascante.educacion.navarra.es\/web1\/wp-json\/wp\/v2\/pages\/633"}],"wp:attachment":[{"href":"https:\/\/cpcascante.educacion.navarra.es\/web1\/wp-json\/wp\/v2\/media?parent=1100"}],"curies":[{"name":"wp","href":"https:\/\/api.w.org\/{rel}","templated":true}]}}